{"id":129,"date":"2025-01-13T19:21:25","date_gmt":"2025-01-13T19:21:25","guid":{"rendered":"https:\/\/marcianoediciones.cl\/?page_id=129"},"modified":"2026-01-10T09:52:43","modified_gmt":"2026-01-10T13:52:43","slug":"nosotros","status":"publish","type":"page","link":"https:\/\/marcianoediciones.cl\/index.php\/nosotros\/","title":{"rendered":"Nosotros"},"content":{"rendered":"<div class=\"wp-block-stackable-heading stk-block-heading stk-block-heading--v2 stk-block stk-f162a43\" id=\"conoce-al-equipo-de-marciano-ediciones\" data-block-id=\"f162a43\"><h4 class=\"stk-block-heading__text has-text-align-center\">\u00a1Conoce al equipo de Marciano Ediciones! <\/h4><\/div><p class=\"has-text-align-center\">Somos un grupo apasionado de escritores, dise\u00f1adores y editores con ganas de transformar ideas en libros fascinantes. \u00a1Aqu\u00ed estamos para iniciar un viaje literario juntos!<\/p><div class=\"wp-block-stackable-spacer stk-block-spacer stk--no-padding stk-block stk-dd3fb54\" data-block-id=\"dd3fb54\"><style>.stk-dd3fb54 {height:5px !important;}<\/style><\/div><div class=\"wp-block-stackable-columns alignwide stk-block-columns stk-block stk-1eb85c9\" data-block-id=\"1eb85c9\"><style>.stk-1eb85c9 {margin-bottom:50px !important;}<\/style><div class=\"stk-row stk-inner-blocks stk-block-content stk-content-align stk-1eb85c9-column alignwide\"><div class=\"wp-block-stackable-column stk-block-column stk-column stk-block stk-d8861e9\" data-v=\"4\" data-block-id=\"d8861e9\"><div class=\"stk-column-wrapper stk-block-column__content stk-container stk-d8861e9-container stk--no-background stk--no-padding\"><div class=\"stk-block-content stk-inner-blocks stk-d8861e9-inner-blocks\"><div class=\"wp-block-stackable-columns stk-block-columns stk-block stk-cb83753\" data-block-id=\"cb83753\"><style>.stk-cb83753 {margin-bottom:32px !important;}.stk-cb83753-column{--stk-column-gap:32px !important;}@media screen and (max-width: 767px){.stk-cb83753-column{row-gap:32px !important;}}<\/style><div class=\"stk-row stk-inner-blocks stk-block-content stk-content-align stk-cb83753-column\"><div class=\"wp-block-stackable-column stk-block-column stk-column stk-block stk-c526599\" data-v=\"4\" data-block-id=\"c526599\"><style>.stk-c526599-container{margin-top:0px !important;margin-right:0px !important;margin-bottom:0px !important;margin-left:0px !important;}<\/style><div class=\"stk-column-wrapper stk-block-column__content stk-container stk-c526599-container stk--no-background stk--no-padding\"><div class=\"stk-block-content stk-inner-blocks stk-c526599-inner-blocks\"><div class=\"wp-block-stackable-columns stk-block-columns stk-block stk-c72dabe\" data-block-id=\"c72dabe\"><style>.stk-c72dabe-column{--stk-column-gap:24px !important;}<\/style><div class=\"stk-row stk-inner-blocks stk-block-content stk-content-align stk-c72dabe-column\"><div class=\"wp-block-stackable-column stk-block-column stk-column stk-block stk-8e60837\" data-v=\"4\" data-block-id=\"8e60837\"><style>.stk-8e60837-container{margin-top:0px !important;margin-right:0px !important;margin-bottom:0px !important;margin-left:0px !important;}<\/style><div class=\"stk-column-wrapper stk-block-column__content stk-container stk-8e60837-container stk--no-background stk--no-padding\"><div class=\"stk-block-content stk-inner-blocks stk-8e60837-inner-blocks\"><div class=\"wp-block-stackable-image stk-block-image stk-block stk-cb31a49\" data-block-id=\"cb31a49\"><figure><span class=\"stk-img-wrapper stk-image--shape-stretch\"><img loading=\"lazy\" decoding=\"async\" class=\"stk-img wp-image-319\" src=\"https:\/\/marcianoediciones.cl\/wp-content\/uploads\/2025\/01\/musa-moreno_01.png\" width=\"768\" height=\"768\" srcset=\"https:\/\/marcianoediciones.cl\/wp-content\/uploads\/2025\/01\/musa-moreno_01.png 768w, https:\/\/marcianoediciones.cl\/wp-content\/uploads\/2025\/01\/musa-moreno_01-300x300.png 300w, https:\/\/marcianoediciones.cl\/wp-content\/uploads\/2025\/01\/musa-moreno_01-150x150.png 150w, https:\/\/marcianoediciones.cl\/wp-content\/uploads\/2025\/01\/musa-moreno_01-600x600.png 600w, https:\/\/marcianoediciones.cl\/wp-content\/uploads\/2025\/01\/musa-moreno_01-100x100.png 100w\" sizes=\"auto, (max-width: 768px) 100vw, 768px\" \/><\/span><\/figure><\/div><\/div><\/div><\/div>\n\n<div class=\"wp-block-stackable-column stk-block-column stk-column stk-block stk-e3f7d28\" data-v=\"4\" data-block-id=\"e3f7d28\"><style>.stk-e3f7d28-container{margin-top:0px !important;margin-right:0px !important;margin-bottom:0px !important;margin-left:0px !important;display:flex !important;}.stk-e3f7d28-inner-blocks{justify-content:center !important;}@media screen and (max-width: 767px){.stk-e3f7d28-container{margin-top:8px !important;margin-right:8px !important;margin-bottom:8px !important;margin-left:8px !important;}}<\/style><div class=\"stk-column-wrapper stk-block-column__content stk-container stk-e3f7d28-container stk--no-background stk--no-padding\"><div class=\"stk-block-content stk-inner-blocks stk-e3f7d28-inner-blocks\"><div class=\"wp-block-stackable-heading stk-block-heading stk-block-heading--v2 stk-block stk-1055e22\" id=\"musa-d-moreno\" data-block-id=\"1055e22\"><style>.stk-1055e22 {margin-bottom:4px !important;}<\/style><h4 class=\"stk-block-heading__text has-text-align-center-mobile\">Musa D. Moreno<\/h4><\/div>\n\n<div class=\"wp-block-stackable-subtitle stk-block-subtitle stk-block stk-f981070\" data-block-id=\"f981070\"><style>.stk-f981070 {margin-bottom:8px !important;}<\/style><p class=\"stk-block-subtitle__text stk-subtitle has-text-align-center-mobile\">Editora en jefe<\/p><\/div>\n\n<p>Musa es escritora, ilustradora, t\u00e9cnica en sonido y editora con un diplomado en edici\u00f3n en la Universidad Diego Portales.<\/p><\/div><\/div><\/div><\/div><\/div><\/div><\/div><\/div>\n\n<div class=\"wp-block-stackable-column stk-block-column stk-column stk-block stk-bd6a007\" data-v=\"4\" data-block-id=\"bd6a007\"><style>.stk-bd6a007-container{margin-top:0px !important;margin-right:0px !important;margin-bottom:0px !important;margin-left:0px !important;}<\/style><div class=\"stk-column-wrapper stk-block-column__content stk-container stk-bd6a007-container stk--no-background stk--no-padding\"><div class=\"stk-block-content stk-inner-blocks stk-bd6a007-inner-blocks\"><div class=\"wp-block-stackable-columns stk-block-columns stk-block stk-0937583\" data-block-id=\"0937583\"><style>.stk-0937583-column{--stk-column-gap:24px !important;}<\/style><div class=\"stk-row stk-inner-blocks stk-block-content stk-content-align stk-0937583-column\"><div class=\"wp-block-stackable-column stk-block-column stk-column stk-block stk-c9282d2\" data-v=\"4\" data-block-id=\"c9282d2\"><style>.stk-c9282d2-container{margin-top:0px !important;margin-right:0px !important;margin-bottom:0px !important;margin-left:0px !important;}<\/style><div class=\"stk-column-wrapper stk-block-column__content stk-container stk-c9282d2-container stk--no-background stk--no-padding\"><div class=\"stk-block-content stk-inner-blocks stk-c9282d2-inner-blocks\"><div class=\"wp-block-stackable-image stk-block-image stk-block stk-81c4953\" data-block-id=\"81c4953\"><figure><span class=\"stk-img-wrapper stk-image--shape-stretch\"><img loading=\"lazy\" decoding=\"async\" class=\"stk-img wp-image-316\" src=\"https:\/\/marcianoediciones.cl\/wp-content\/uploads\/2025\/01\/sandriuska-theremin_01.png\" width=\"768\" height=\"768\" srcset=\"https:\/\/marcianoediciones.cl\/wp-content\/uploads\/2025\/01\/sandriuska-theremin_01.png 768w, https:\/\/marcianoediciones.cl\/wp-content\/uploads\/2025\/01\/sandriuska-theremin_01-300x300.png 300w, https:\/\/marcianoediciones.cl\/wp-content\/uploads\/2025\/01\/sandriuska-theremin_01-150x150.png 150w, https:\/\/marcianoediciones.cl\/wp-content\/uploads\/2025\/01\/sandriuska-theremin_01-600x600.png 600w, https:\/\/marcianoediciones.cl\/wp-content\/uploads\/2025\/01\/sandriuska-theremin_01-100x100.png 100w\" sizes=\"auto, (max-width: 768px) 100vw, 768px\" \/><\/span><\/figure><\/div><\/div><\/div><\/div>\n\n<div class=\"wp-block-stackable-column stk-block-column stk-column stk-block stk-2b82e23\" data-v=\"4\" data-block-id=\"2b82e23\"><style>.stk-2b82e23-container{margin-top:0px !important;margin-right:0px !important;margin-bottom:0px !important;margin-left:0px !important;display:flex !important;}.stk-2b82e23-inner-blocks{justify-content:center !important;}@media screen and (max-width: 767px){.stk-2b82e23-container{margin-top:8px !important;margin-right:8px !important;margin-bottom:8px !important;margin-left:8px !important;}}<\/style><div class=\"stk-column-wrapper stk-block-column__content stk-container stk-2b82e23-container stk--no-background stk--no-padding\"><div class=\"stk-block-content stk-inner-blocks stk-2b82e23-inner-blocks\"><div class=\"wp-block-stackable-heading stk-block-heading stk-block-heading--v2 stk-block stk-03c3b04\" id=\"sandriuska-theremin\" data-block-id=\"03c3b04\"><style>.stk-03c3b04 {margin-bottom:8px !important;}<\/style><h4 class=\"stk-block-heading__text has-text-align-center-mobile\">Sandriuska Theremin<\/h4><\/div>\n\n<div class=\"wp-block-stackable-subtitle stk-block-subtitle stk-block stk-07c18b7\" data-block-id=\"07c18b7\"><style>.stk-07c18b7 {margin-bottom:8px !important;}<\/style><p class=\"stk-block-subtitle__text stk-subtitle has-text-align-center-mobile\">Editora y relacionadora p\u00fablica<\/p><\/div>\n\n<p>Sandriuska es escritora, m\u00fasica y editora.<\/p>\n\n<p>.<\/p><\/div><\/div><\/div><\/div><\/div><\/div><\/div><\/div><\/div><\/div>\n\n<div class=\"wp-block-stackable-columns stk-block-columns stk-block stk-7801381\" data-block-id=\"7801381\"><style>.stk-7801381-column{--stk-column-gap:32px !important;}@media screen and (max-width: 767px){.stk-7801381-column{row-gap:32px !important;}}<\/style><div class=\"stk-row stk-inner-blocks stk-block-content stk-content-align stk-7801381-column\"><div class=\"wp-block-stackable-column stk-block-column stk-column stk-block stk-7191028\" data-v=\"4\" data-block-id=\"7191028\"><style>.stk-7191028-container{margin-top:0px !important;margin-right:0px !important;margin-bottom:0px !important;margin-left:0px !important;}<\/style><div class=\"stk-column-wrapper stk-block-column__content stk-container stk-7191028-container stk--no-background stk--no-padding\"><div class=\"stk-block-content stk-inner-blocks stk-7191028-inner-blocks\"><div class=\"wp-block-columns is-layout-flex wp-container-core-columns-is-layout-28f84493 wp-block-columns-is-layout-flex\"><div class=\"wp-block-column is-layout-flow wp-block-column-is-layout-flow\" style=\"flex-basis:100%\"><div class=\"wp-block-stackable-columns stk-block-columns stk-block stk-58b902b\" data-block-id=\"58b902b\"><style>.stk-58b902b-column{--stk-column-gap:24px !important;}<\/style><div class=\"stk-row stk-inner-blocks stk-block-content stk-content-align stk-58b902b-column\"><div class=\"wp-block-stackable-column stk-block-column stk-column stk-block stk-5793258\" data-v=\"4\" data-block-id=\"5793258\"><style>.stk-5793258-container{margin-top:0px !important;margin-right:0px !important;margin-bottom:0px !important;margin-left:0px !important;}<\/style><div class=\"stk-column-wrapper stk-block-column__content stk-container stk-5793258-container stk--no-background stk--no-padding\"><div class=\"stk-block-content stk-inner-blocks stk-5793258-inner-blocks\"><div class=\"wp-block-stackable-image stk-block-image stk-block stk-647cc61\" data-block-id=\"647cc61\"><figure><span class=\"stk-img-wrapper stk-image--shape-stretch\"><img loading=\"lazy\" decoding=\"async\" class=\"stk-img wp-image-318\" src=\"https:\/\/marcianoediciones.cl\/wp-content\/uploads\/2025\/01\/miguel-moreno-duhamel_01.png\" width=\"768\" height=\"768\" srcset=\"https:\/\/marcianoediciones.cl\/wp-content\/uploads\/2025\/01\/miguel-moreno-duhamel_01.png 768w, https:\/\/marcianoediciones.cl\/wp-content\/uploads\/2025\/01\/miguel-moreno-duhamel_01-300x300.png 300w, https:\/\/marcianoediciones.cl\/wp-content\/uploads\/2025\/01\/miguel-moreno-duhamel_01-150x150.png 150w, https:\/\/marcianoediciones.cl\/wp-content\/uploads\/2025\/01\/miguel-moreno-duhamel_01-600x600.png 600w, https:\/\/marcianoediciones.cl\/wp-content\/uploads\/2025\/01\/miguel-moreno-duhamel_01-100x100.png 100w\" sizes=\"auto, (max-width: 768px) 100vw, 768px\" \/><\/span><\/figure><\/div><\/div><\/div><\/div>\n\n<div class=\"wp-block-stackable-column stk-block-column stk-column stk-block stk-336c145\" data-v=\"4\" data-block-id=\"336c145\"><style>.stk-336c145-container{margin-top:0px !important;margin-right:0px !important;margin-bottom:0px !important;margin-left:0px !important;display:flex !important;}.stk-336c145-inner-blocks{justify-content:center !important;}@media screen and (max-width: 767px){.stk-336c145-container{margin-top:8px !important;margin-right:8px !important;margin-bottom:8px !important;margin-left:8px !important;}}<\/style><div class=\"stk-column-wrapper stk-block-column__content stk-container stk-336c145-container stk--no-background stk--no-padding\"><div class=\"stk-block-content stk-inner-blocks stk-336c145-inner-blocks\"><div class=\"wp-block-stackable-heading stk-block-heading stk-block-heading--v2 stk-block stk-e07b5e5\" id=\"miguel-moreno-duhamel\" data-block-id=\"e07b5e5\"><style>.stk-e07b5e5 {margin-bottom:4px !important;}<\/style><h4 class=\"stk-block-heading__text has-text-align-center-mobile\">Miguel Moreno Duhamel<\/h4><\/div>\n\n<div class=\"wp-block-stackable-subtitle stk-block-subtitle stk-block stk-d54c449\" data-block-id=\"d54c449\"><style>.stk-d54c449 {margin-bottom:8px !important;}<\/style><p class=\"stk-block-subtitle__text stk-subtitle has-text-align-center-mobile\">Director y representante legal<\/p><\/div>\n\n<p>Miguel es escritor, tecn\u00f3logo m\u00e9dico, m\u00fasico y editor. Director, dise\u00f1ador y representante legal de Marciano ediciones.<\/p><\/div><\/div><\/div><\/div><\/div><\/div><\/div>\n\n<div class=\"wp-block-columns is-layout-flex wp-container-core-columns-is-layout-28f84493 wp-block-columns-is-layout-flex\"><div class=\"wp-block-column is-layout-flow wp-block-column-is-layout-flow\" style=\"flex-basis:100%\"><\/div><\/div><\/div><\/div><\/div>\n\n<div class=\"wp-block-stackable-column stk-block-column stk-column stk-block stk-56302f9\" data-v=\"4\" data-block-id=\"56302f9\"><style>.stk-56302f9-container{margin-top:0px !important;margin-right:0px !important;margin-bottom:0px !important;margin-left:0px !important;}<\/style><div class=\"stk-column-wrapper stk-block-column__content stk-container stk-56302f9-container stk--no-background stk--no-padding\"><div class=\"stk-block-content stk-inner-blocks stk-56302f9-inner-blocks\"><div class=\"wp-block-stackable-columns stk-block-columns stk-block stk-74ba7fd\" data-block-id=\"74ba7fd\"><style>.stk-74ba7fd-column{--stk-column-gap:24px !important;}<\/style><div class=\"stk-row stk-inner-blocks stk-block-content stk-content-align stk-74ba7fd-column\"><div class=\"wp-block-stackable-column stk-block-column stk-column stk-block stk-36f6021\" data-v=\"4\" data-block-id=\"36f6021\"><style>.stk-36f6021-container{margin-top:0px !important;margin-right:0px !important;margin-bottom:0px !important;margin-left:0px !important;}<\/style><div class=\"stk-column-wrapper stk-block-column__content stk-container stk-36f6021-container stk--no-background stk--no-padding\"><div class=\"stk-block-content stk-inner-blocks stk-36f6021-inner-blocks\"><\/div><\/div><\/div>\n\n<div class=\"wp-block-stackable-column stk-block-column stk-column stk-block stk-a7eed3e\" data-v=\"4\" data-block-id=\"a7eed3e\"><style>.stk-a7eed3e-container{margin-top:0px !important;margin-right:0px !important;margin-bottom:0px !important;margin-left:0px !important;display:flex !important;}.stk-a7eed3e-inner-blocks{justify-content:center !important;}@media screen and (max-width: 767px){.stk-a7eed3e-container{margin-top:8px !important;margin-right:8px !important;margin-bottom:8px !important;margin-left:8px !important;}}<\/style><div class=\"stk-column-wrapper stk-block-column__content stk-container stk-a7eed3e-container stk--no-background stk--no-padding\"><div class=\"stk-block-content stk-inner-blocks stk-a7eed3e-inner-blocks\"><p><\/p>\n\n<div class=\"wp-block-stackable-subtitle stk-block-subtitle stk-block stk-f0f6f70\" data-block-id=\"f0f6f70\"><style>.stk-f0f6f70 {margin-bottom:8px !important;}<\/style><p class=\"stk-block-subtitle__text stk-subtitle has-text-align-center-mobile\"><\/p><\/div>\n\n<p><\/p><\/div><\/div><\/div><\/div><\/div><\/div><\/div><\/div><\/div><\/div><\/div><\/div><\/div><\/div><\/div><p class=\"has-text-align-center\">Iniciamos este viaje en 2015, con un cat\u00e1logo que crece en diversidad d\u00eda a d\u00eda.<\/p><p class=\"has-text-align-center\">Nuestra forma de trabajo est\u00e1 basada en el acompa\u00f1amiento y respeto por los autores que nos conf\u00edan sus obras.<\/p><p class=\"has-text-align-center\">Creemos en un buen dise\u00f1o, en una labor a escala humana y en el amor por los libros.<\/p><p><\/p>","protected":false},"excerpt":{"rendered":"<p>\u00a1Conoce al equipo de Marciano Ediciones! Somos un grupo apasionado de escritores, dise\u00f1adores y editores con ganas de transformar ideas en libros fascinantes. \u00a1Aqu\u00ed estamos para iniciar un viaje literario juntos! Musa D. Moreno Editora en jefe Musa es escritora, ilustradora, t\u00e9cnica en sonido y editora con un diplomado en edici\u00f3n en la Universidad Diego [&hellip;]<\/p>\n","protected":false},"author":1,"featured_media":0,"parent":0,"menu_order":0,"comment_status":"closed","ping_status":"closed","template":"","meta":{"footnotes":""},"class_list":["post-129","page","type-page","status-publish","hentry"],"blocksy_meta":{"has_hero_section":"disabled","styles_descriptor":{"styles":{"desktop":"","tablet":"","mobile":""},"google_fonts":[],"version":6}},"_links":{"self":[{"href":"https:\/\/marcianoediciones.cl\/index.php\/wp-json\/wp\/v2\/pages\/129","targetHints":{"allow":["GET"]}}],"collection":[{"href":"https:\/\/marcianoediciones.cl\/index.php\/wp-json\/wp\/v2\/pages"}],"about":[{"href":"https:\/\/marcianoediciones.cl\/index.php\/wp-json\/wp\/v2\/types\/page"}],"author":[{"embeddable":true,"href":"https:\/\/marcianoediciones.cl\/index.php\/wp-json\/wp\/v2\/users\/1"}],"replies":[{"embeddable":true,"href":"https:\/\/marcianoediciones.cl\/index.php\/wp-json\/wp\/v2\/comments?post=129"}],"version-history":[{"count":11,"href":"https:\/\/marcianoediciones.cl\/index.php\/wp-json\/wp\/v2\/pages\/129\/revisions"}],"predecessor-version":[{"id":661,"href":"https:\/\/marcianoediciones.cl\/index.php\/wp-json\/wp\/v2\/pages\/129\/revisions\/661"}],"wp:attachment":[{"href":"https:\/\/marcianoediciones.cl\/index.php\/wp-json\/wp\/v2\/media?parent=129"}],"curies":[{"name":"wp","href":"https:\/\/api.w.org\/{rel}","templated":true}]}}