{"id":136,"date":"2025-01-13T19:23:17","date_gmt":"2025-01-13T19:23:17","guid":{"rendered":"https:\/\/marcianoediciones.cl\/?page_id=136"},"modified":"2026-01-10T09:34:52","modified_gmt":"2026-01-10T13:34:52","slug":"descarga-libros","status":"publish","type":"page","link":"https:\/\/marcianoediciones.cl\/index.php\/descarga-libros\/","title":{"rendered":"Descarga libros"},"content":{"rendered":"<div class=\"wp-block-stackable-heading stk-block-heading stk-block-heading--v2 stk-block stk-3dbeba2\" id=\"descarga-libros-gratis\" data-block-id=\"3dbeba2\"><h3 class=\"stk-block-heading__text has-text-align-center\">Descarga libros gratis<\/h3><\/div><p class=\"has-text-align-center\">\u00a1An\u00edmate! Te invitamos a descargar gratis algunos de nuestros libros. \u00a1No te los pierdas y disfruta de la lectura!<\/p><p><\/p><div class=\"wp-block-stackable-columns alignwide stk-block-columns stk-block stk-88ea420\" data-block-id=\"88ea420\"><style>.stk-88ea420 {margin-bottom:40px !important;}<\/style><div class=\"stk-row stk-inner-blocks stk-block-content stk-content-align stk-88ea420-column alignwide\"><div class=\"wp-block-stackable-column stk-block-column stk-column stk-block stk-292f74d\" data-v=\"4\" data-block-id=\"292f74d\"><div class=\"stk-column-wrapper stk-block-column__content stk-container stk-292f74d-container stk--no-background stk--no-padding\"><div class=\"stk-block-content stk-inner-blocks stk-292f74d-inner-blocks\"><div class=\"wp-block-stackable-columns stk-block-columns stk-block stk-8193d5d\" data-block-id=\"8193d5d\"><div class=\"stk-row stk-inner-blocks stk-block-content stk-content-align stk-8193d5d-column\"><div class=\"wp-block-stackable-column stk-block-column stk-column stk-block stk-30839d4\" data-v=\"4\" data-block-id=\"30839d4\"><div class=\"stk-column-wrapper stk-block-column__content stk-container stk-30839d4-container stk--no-background stk--no-padding\"><div class=\"stk-block-content stk-inner-blocks stk-30839d4-inner-blocks\"><div class=\"wp-block-stackable-card stk-block-card stk-block stk-3fea5b3 is-style-default\" data-v=\"2\" data-block-id=\"3fea5b3\"><style>.stk-3fea5b3 .stk-block-card__image img{object-fit:contain !important;}<\/style><div class=\"stk--no-padding stk-container stk-3fea5b3-container stk-hover-parent\"><figure class=\"stk-block-card__image stk-img-wrapper stk-image--shape-stretch\"><img loading=\"lazy\" decoding=\"async\" class=\"stk-img wp-image-604\" src=\"https:\/\/marcianoediciones.cl\/wp-content\/uploads\/2025\/10\/Chunil.png\" width=\"768\" height=\"768\" srcset=\"https:\/\/marcianoediciones.cl\/wp-content\/uploads\/2025\/10\/Chunil.png 768w, https:\/\/marcianoediciones.cl\/wp-content\/uploads\/2025\/10\/Chunil-300x300.png 300w, https:\/\/marcianoediciones.cl\/wp-content\/uploads\/2025\/10\/Chunil-150x150.png 150w, https:\/\/marcianoediciones.cl\/wp-content\/uploads\/2025\/10\/Chunil-600x600.png 600w, https:\/\/marcianoediciones.cl\/wp-content\/uploads\/2025\/10\/Chunil-100x100.png 100w\" sizes=\"auto, (max-width: 768px) 100vw, 768px\" \/><\/figure><div class=\"stk-container-padding stk-block-card__content\"><div class=\"stk-block-content stk-inner-blocks stk-3fea5b3-inner-blocks\"><div class=\"wp-block-stackable-heading stk-block-heading stk-block-heading--v2 stk-block stk-1b55ca7\" id=\"chunil\" data-block-id=\"1b55ca7\"><style>.stk-1b55ca7 {margin-bottom:16px !important;}<\/style><h4 class=\"stk-block-heading__text\">Chu\u00f1il<\/h4><\/div>\n\n<div class=\"wp-block-stackable-text stk-block-text stk-block stk-640bed2\" data-block-id=\"640bed2\"><style>.stk-640bed2 {margin-bottom:8px !important;}<\/style><p class=\"stk-block-text__text\">Antolog\u00eda de escritores chilenos y latinoamericanos en memoria de Julia del Carmen Chu\u00f1il Catricura, defensora medioambiental mapuche desaparecida en Chile en noviembre de 2024.<\/p><\/div>\n\n<div class=\"wp-block-stackable-button-group alignwide stk-block-button-group stk-block stk-58d29ab\" data-block-id=\"58d29ab\"><style>.stk-58d29ab .stk-button-group{flex-direction:row !important;}@media screen and (max-width: 1023px){.stk-58d29ab .stk-button-group{flex-direction:row !important;}}@media screen and (max-width: 767px){.stk-58d29ab .stk-button-group{flex-direction:row !important;}}<\/style><div class=\"stk-row stk-inner-blocks stk-block-content stk-button-group\"><div class=\"wp-block-stackable-button stk-block-button stk-block stk-0753ff1\" data-block-id=\"0753ff1\"><a class=\"stk-link stk-button stk--hover-effect-darken\" href=\"https:\/\/marcianoediciones.cl\/wp-content\/uploads\/2025\/10\/Chunil_libro_virtual_op.pdf\"><span class=\"stk-button__inner-text\">Descargar<\/span><\/a><\/div><\/div><\/div><\/div><\/div><\/div><\/div><\/div><\/div><\/div>\n\n<div class=\"wp-block-stackable-column stk-block-column stk-column stk-block stk-bda9ba8\" data-v=\"4\" data-block-id=\"bda9ba8\"><div class=\"stk-column-wrapper stk-block-column__content stk-container stk-bda9ba8-container stk--no-background stk--no-padding\"><div class=\"stk-block-content stk-inner-blocks stk-bda9ba8-inner-blocks\"><div class=\"wp-block-stackable-card stk-block-card stk-block stk-a327412 is-style-default\" data-v=\"2\" data-block-id=\"a327412\"><style>.stk-a327412 .stk-block-card__image img{object-fit:contain !important;}<\/style><div class=\"stk--no-padding stk-container stk-a327412-container stk-hover-parent\"><figure class=\"stk-block-card__image stk-img-wrapper stk-image--shape-stretch\"><img loading=\"lazy\" decoding=\"async\" class=\"stk-img wp-image-653\" src=\"https:\/\/marcianoediciones.cl\/wp-content\/uploads\/2026\/01\/locomotoras-del-museo.png\" width=\"768\" height=\"768\" srcset=\"https:\/\/marcianoediciones.cl\/wp-content\/uploads\/2026\/01\/locomotoras-del-museo.png 768w, https:\/\/marcianoediciones.cl\/wp-content\/uploads\/2026\/01\/locomotoras-del-museo-300x300.png 300w, https:\/\/marcianoediciones.cl\/wp-content\/uploads\/2026\/01\/locomotoras-del-museo-150x150.png 150w, https:\/\/marcianoediciones.cl\/wp-content\/uploads\/2026\/01\/locomotoras-del-museo-600x600.png 600w, https:\/\/marcianoediciones.cl\/wp-content\/uploads\/2026\/01\/locomotoras-del-museo-100x100.png 100w\" sizes=\"auto, (max-width: 768px) 100vw, 768px\" \/><\/figure><div class=\"stk-container-padding stk-block-card__content\"><div class=\"stk-block-content stk-inner-blocks stk-a327412-inner-blocks\"><div class=\"wp-block-stackable-heading stk-block-heading stk-block-heading--v2 stk-block stk-0d8f6a0\" id=\"noso\" data-block-id=\"0d8f6a0\"><style>.stk-0d8f6a0 {margin-bottom:16px !important;}<\/style><h4 class=\"stk-block-heading__text\">Locomotoras del museo<\/h4><\/div>\n\n<div class=\"wp-block-stackable-text stk-block-text stk-block stk-242b943\" data-block-id=\"242b943\"><style>.stk-242b943 {margin-bottom:0px !important;}<\/style><p class=\"stk-block-text__text\">Este libro es un homenaje a los 140 a\u00f1os de la Empresa de Ferrocarriles del Estado de Chile y a los 40 a\u00f1os del Museo Ferroviario de Santiago, pero tambi\u00e9n es un testimonio sincero de un ferroviario de la Maestranza de San Bernardo.<\/p><\/div>\n\n<div class=\"wp-block-stackable-button-group stk-block-button-group stk-block stk-8b642cf\" data-block-id=\"8b642cf\"><style>.stk-8b642cf .stk-button-group{flex-direction:row !important;}@media screen and (max-width: 1023px){.stk-8b642cf .stk-button-group{flex-direction:row !important;}}@media screen and (max-width: 767px){.stk-8b642cf .stk-button-group{flex-direction:row !important;}}<\/style><div class=\"stk-row stk-inner-blocks stk-block-content stk-button-group\"><div class=\"wp-block-stackable-button stk-block-button stk-block stk-97e02ac\" data-block-id=\"97e02ac\"><a class=\"stk-link stk-button stk--hover-effect-darken\" href=\"https:\/\/marcianoediciones.cl\/wp-content\/uploads\/2026\/01\/libro_locomotoras-del-museo.pdf\"><span class=\"stk-button__inner-text\">Descargar<\/span><\/a><\/div><\/div><\/div><\/div><\/div><\/div><\/div><\/div><\/div><\/div>\n\n<div class=\"wp-block-stackable-column stk-block-column stk-column stk-block stk-fb45637\" data-v=\"4\" data-block-id=\"fb45637\"><div class=\"stk-column-wrapper stk-block-column__content stk-container stk-fb45637-container stk--no-background stk--no-padding\"><div class=\"stk-block-content stk-inner-blocks stk-fb45637-inner-blocks\"><div class=\"wp-block-stackable-card stk-block-card stk-block stk-31c3f1b is-style-default\" data-v=\"2\" data-block-id=\"31c3f1b\"><style>.stk-31c3f1b .stk-block-card__image img{object-fit:contain !important;}<\/style><div class=\"stk--no-padding stk-container stk-31c3f1b-container stk-hover-parent\"><figure class=\"stk-block-card__image stk-img-wrapper stk-image--shape-stretch\"><img loading=\"lazy\" decoding=\"async\" class=\"stk-img wp-image-401\" src=\"https:\/\/marcianoediciones.cl\/wp-content\/uploads\/2025\/01\/nosotros-los-de-ahora.png\" width=\"768\" height=\"768\" srcset=\"https:\/\/marcianoediciones.cl\/wp-content\/uploads\/2025\/01\/nosotros-los-de-ahora.png 768w, https:\/\/marcianoediciones.cl\/wp-content\/uploads\/2025\/01\/nosotros-los-de-ahora-300x300.png 300w, https:\/\/marcianoediciones.cl\/wp-content\/uploads\/2025\/01\/nosotros-los-de-ahora-150x150.png 150w, https:\/\/marcianoediciones.cl\/wp-content\/uploads\/2025\/01\/nosotros-los-de-ahora-600x600.png 600w, https:\/\/marcianoediciones.cl\/wp-content\/uploads\/2025\/01\/nosotros-los-de-ahora-100x100.png 100w\" sizes=\"auto, (max-width: 768px) 100vw, 768px\" \/><\/figure><div class=\"stk-container-padding stk-block-card__content\"><div class=\"stk-block-content stk-inner-blocks stk-31c3f1b-inner-blocks\"><div class=\"wp-block-stackable-heading stk-block-heading stk-block-heading--v2 stk-block stk-66aa5c4\" id=\"nosotros-los-de-ahora\" data-block-id=\"66aa5c4\"><style>.stk-66aa5c4 {margin-bottom:16px !important;}<\/style><h4 class=\"stk-block-heading__text\">Nosotros los de ahora<\/h4><\/div>\n\n<div class=\"wp-block-stackable-text stk-block-text stk-block stk-4be0ef5\" data-block-id=\"4be0ef5\"><style>.stk-4be0ef5 {margin-bottom:30px !important;}<\/style><p class=\"stk-block-text__text\">Antolog\u00eda de poetas cubanos y chilenos en el centenario de los <em>Veinte poemas de amor y una canci\u00f3n desesperada<\/em> de Pablo Neruda.<\/p><\/div>\n\n<div class=\"wp-block-stackable-button-group stk-block-button-group stk-block stk-2a1cbbd\" data-block-id=\"2a1cbbd\"><style>.stk-2a1cbbd .stk-button-group{flex-direction:row !important;}@media screen and (max-width: 1023px){.stk-2a1cbbd .stk-button-group{flex-direction:row !important;}}@media screen and (max-width: 767px){.stk-2a1cbbd .stk-button-group{flex-direction:row !important;}}<\/style><div class=\"stk-row stk-inner-blocks stk-block-content stk-button-group\"><div class=\"wp-block-stackable-button stk-block-button stk-block stk-87e015b\" data-block-id=\"87e015b\"><a class=\"stk-link stk-button stk--hover-effect-darken\" href=\"https:\/\/marcianoediciones.cl\/wp-content\/uploads\/2025\/01\/Libro_Nosotros-los-de-ahora.pdf\"><span class=\"stk-button__inner-text\">Descargar<\/span><\/a><\/div><\/div><\/div><\/div><\/div><\/div><\/div><\/div><\/div><\/div><\/div><\/div><\/div><\/div><\/div><\/div><\/div><div class=\"wp-block-stackable-columns alignwide stk-block-columns stk-block stk-91df5aa\" data-block-id=\"91df5aa\"><div class=\"stk-row stk-inner-blocks stk-block-content stk-content-align stk-91df5aa-column alignwide\"><div class=\"wp-block-stackable-column stk-block-column stk-column stk-block stk-c610867\" data-v=\"4\" data-block-id=\"c610867\"><div class=\"stk-column-wrapper stk-block-column__content stk-container stk-c610867-container stk--no-background stk--no-padding\"><div class=\"stk-block-content stk-inner-blocks stk-c610867-inner-blocks\"><div class=\"wp-block-stackable-columns stk-block-columns stk-block stk-e080069\" data-block-id=\"e080069\"><div class=\"stk-row stk-inner-blocks stk-block-content stk-content-align stk-e080069-column\"><div class=\"wp-block-stackable-column stk-block-column stk-column stk-block stk-3bbd7b0\" data-v=\"4\" data-block-id=\"3bbd7b0\"><div class=\"stk-column-wrapper stk-block-column__content stk-container stk-3bbd7b0-container stk--no-background stk--no-padding\"><div class=\"stk-block-content stk-inner-blocks stk-3bbd7b0-inner-blocks\"><div class=\"wp-block-stackable-card stk-block-card stk-block stk-d0a416c is-style-default\" data-v=\"2\" data-block-id=\"d0a416c\"><style>.stk-d0a416c .stk-block-card__image img{object-fit:contain !important;}<\/style><div class=\"stk--no-padding stk-container stk-d0a416c-container stk-hover-parent\"><figure class=\"stk-block-card__image stk-img-wrapper stk-image--shape-stretch\"><img loading=\"lazy\" decoding=\"async\" class=\"stk-img wp-image-404\" src=\"https:\/\/marcianoediciones.cl\/wp-content\/uploads\/2025\/01\/antologia-verso-bruto-2023.png\" width=\"768\" height=\"768\" srcset=\"https:\/\/marcianoediciones.cl\/wp-content\/uploads\/2025\/01\/antologia-verso-bruto-2023.png 768w, https:\/\/marcianoediciones.cl\/wp-content\/uploads\/2025\/01\/antologia-verso-bruto-2023-300x300.png 300w, https:\/\/marcianoediciones.cl\/wp-content\/uploads\/2025\/01\/antologia-verso-bruto-2023-150x150.png 150w, https:\/\/marcianoediciones.cl\/wp-content\/uploads\/2025\/01\/antologia-verso-bruto-2023-600x600.png 600w, https:\/\/marcianoediciones.cl\/wp-content\/uploads\/2025\/01\/antologia-verso-bruto-2023-100x100.png 100w\" sizes=\"auto, (max-width: 768px) 100vw, 768px\" \/><\/figure><div class=\"stk-container-padding stk-block-card__content\"><div class=\"stk-block-content stk-inner-blocks stk-d0a416c-inner-blocks\"><div class=\"wp-block-stackable-heading stk-block-heading stk-block-heading--v2 stk-block stk-8934299\" id=\"taller-verso-bruto-2023\" data-block-id=\"8934299\"><style>.stk-8934299 {margin-bottom:16px !important;}<\/style><h4 class=\"stk-block-heading__text\">Taller Verso Bruto 2023<\/h4><\/div>\n\n<div class=\"wp-block-stackable-text stk-block-text stk-block stk-dae1306\" data-block-id=\"dae1306\"><style>.stk-dae1306 {margin-bottom:27px !important;}<\/style><p class=\"stk-block-text__text\">Antolog\u00eda po\u00e9tica con los trabajos de los integrantes del taller Verso Bruto 2023 realizado en la Sociedad de escritores de Chile. <\/p><\/div>\n\n<div class=\"wp-block-stackable-button-group stk-block-button-group stk-block stk-255bd84\" data-block-id=\"255bd84\"><style>.stk-255bd84 .stk-button-group{flex-direction:row !important;}@media screen and (max-width: 1023px){.stk-255bd84 .stk-button-group{flex-direction:row !important;}}@media screen and (max-width: 767px){.stk-255bd84 .stk-button-group{flex-direction:row !important;}}<\/style><div class=\"stk-row stk-inner-blocks stk-block-content stk-button-group\"><div class=\"wp-block-stackable-button stk-block-button stk-block stk-3195a04\" data-block-id=\"3195a04\"><a class=\"stk-link stk-button stk--hover-effect-darken\" href=\"https:\/\/marcianoediciones.cl\/wp-content\/uploads\/2025\/01\/libro-Taller-Verso-Bruto-2023.pdf\"><span class=\"stk-button__inner-text\">Descargar<\/span><\/a><\/div><\/div><\/div><\/div><\/div><\/div><\/div><\/div><\/div><\/div>\n\n<div class=\"wp-block-stackable-column stk-block-column stk-column stk-block stk-5b710ca\" data-v=\"4\" data-block-id=\"5b710ca\"><div class=\"stk-column-wrapper stk-block-column__content stk-container stk-5b710ca-container stk--no-background stk--no-padding\"><div class=\"stk-block-content stk-inner-blocks stk-5b710ca-inner-blocks\"><div class=\"wp-block-stackable-card stk-block-card stk-block stk-f4b13c0 is-style-default\" data-v=\"2\" data-block-id=\"f4b13c0\"><style>.stk-f4b13c0 .stk-block-card__image img{object-fit:contain !important;}<\/style><div class=\"stk--no-padding stk-container stk-f4b13c0-container stk-hover-parent\"><figure class=\"stk-block-card__image stk-img-wrapper stk-image--shape-stretch\"><img loading=\"lazy\" decoding=\"async\" class=\"stk-img wp-image-402\" src=\"https:\/\/marcianoediciones.cl\/wp-content\/uploads\/2025\/01\/antologia-palabra-aparte.png\" width=\"768\" height=\"768\" srcset=\"https:\/\/marcianoediciones.cl\/wp-content\/uploads\/2025\/01\/antologia-palabra-aparte.png 768w, https:\/\/marcianoediciones.cl\/wp-content\/uploads\/2025\/01\/antologia-palabra-aparte-300x300.png 300w, https:\/\/marcianoediciones.cl\/wp-content\/uploads\/2025\/01\/antologia-palabra-aparte-150x150.png 150w, https:\/\/marcianoediciones.cl\/wp-content\/uploads\/2025\/01\/antologia-palabra-aparte-600x600.png 600w, https:\/\/marcianoediciones.cl\/wp-content\/uploads\/2025\/01\/antologia-palabra-aparte-100x100.png 100w\" sizes=\"auto, (max-width: 768px) 100vw, 768px\" \/><\/figure><div class=\"stk-container-padding stk-block-card__content\"><div class=\"stk-block-content stk-inner-blocks stk-f4b13c0-inner-blocks\"><div class=\"wp-block-stackable-heading stk-block-heading stk-block-heading--v2 stk-block stk-5695a04\" id=\"palabra-aparte\" data-block-id=\"5695a04\"><style>.stk-5695a04 {margin-bottom:16px !important;}<\/style><h4 class=\"stk-block-heading__text\">Palabra aparte<\/h4><\/div>\n\n<p>Antolog\u00eda po\u00e9tica con los trabajos de los integrantes del taller literario virtual Palabra aparte realizado durante el a\u00f1o 2022.<\/p>\n\n<div class=\"wp-block-stackable-button-group stk-block-button-group stk-block stk-c5aabc4\" data-block-id=\"c5aabc4\"><style>.stk-c5aabc4 .stk-button-group{flex-direction:row !important;}@media screen and (max-width: 1023px){.stk-c5aabc4 .stk-button-group{flex-direction:row !important;}}@media screen and (max-width: 767px){.stk-c5aabc4 .stk-button-group{flex-direction:row !important;}}<\/style><div class=\"stk-row stk-inner-blocks stk-block-content stk-button-group\"><div class=\"wp-block-stackable-button stk-block-button stk-block stk-528f2d3\" data-block-id=\"528f2d3\"><a class=\"stk-link stk-button stk--hover-effect-darken\" href=\"https:\/\/marcianoediciones.cl\/wp-content\/uploads\/2025\/01\/Libro_antologia-taller-palabra-aparte.pdf\"><span class=\"stk-button__inner-text\">Descargar<\/span><\/a><\/div><\/div><\/div><\/div><\/div><\/div><\/div><\/div><\/div><\/div>\n\n<div class=\"wp-block-stackable-column stk-block-column stk-column stk-block stk-06a686d\" data-v=\"4\" data-block-id=\"06a686d\"><div class=\"stk-column-wrapper stk-block-column__content stk-container stk-06a686d-container stk--no-background stk--no-padding\"><div class=\"stk-block-content stk-inner-blocks stk-06a686d-inner-blocks\"><div class=\"wp-block-stackable-card stk-block-card stk-block stk-c13f4f4 is-style-default\" data-v=\"2\" data-block-id=\"c13f4f4\"><style>.stk-c13f4f4 .stk-block-card__image img{object-fit:contain !important;}<\/style><div class=\"stk--no-padding stk-container stk-c13f4f4-container stk-hover-parent\"><figure class=\"stk-block-card__image stk-img-wrapper stk-image--shape-stretch\"><img loading=\"lazy\" decoding=\"async\" class=\"stk-img wp-image-403\" src=\"https:\/\/marcianoediciones.cl\/wp-content\/uploads\/2025\/01\/antologia-region-quimerica.png\" width=\"768\" height=\"768\" srcset=\"https:\/\/marcianoediciones.cl\/wp-content\/uploads\/2025\/01\/antologia-region-quimerica.png 768w, https:\/\/marcianoediciones.cl\/wp-content\/uploads\/2025\/01\/antologia-region-quimerica-300x300.png 300w, https:\/\/marcianoediciones.cl\/wp-content\/uploads\/2025\/01\/antologia-region-quimerica-150x150.png 150w, https:\/\/marcianoediciones.cl\/wp-content\/uploads\/2025\/01\/antologia-region-quimerica-600x600.png 600w, https:\/\/marcianoediciones.cl\/wp-content\/uploads\/2025\/01\/antologia-region-quimerica-100x100.png 100w\" sizes=\"auto, (max-width: 768px) 100vw, 768px\" \/><\/figure><div class=\"stk-container-padding stk-block-card__content\"><div class=\"stk-block-content stk-inner-blocks stk-c13f4f4-inner-blocks\"><div class=\"wp-block-stackable-heading stk-block-heading stk-block-heading--v2 stk-block stk-5c23cb2\" id=\"region-quimerica\" data-block-id=\"5c23cb2\"><style>.stk-5c23cb2 {margin-bottom:16px !important;}<\/style><h4 class=\"stk-block-heading__text\">Regi\u00f3n Quim\u00e9rica<\/h4><\/div>\n\n<p>Antolog\u00eda po\u00e9tica con los trabajos de los integrantes de los talleres literarios Verso Bruto y Poes\u00eda a\u00fan realizados durante el a\u00f1o 2021.<\/p>\n\n<div class=\"wp-block-stackable-button-group stk-block-button-group stk-block stk-6711ff4\" data-block-id=\"6711ff4\"><style>.stk-6711ff4 .stk-button-group{flex-direction:row !important;}@media screen and (max-width: 1023px){.stk-6711ff4 .stk-button-group{flex-direction:row !important;}}@media screen and (max-width: 767px){.stk-6711ff4 .stk-button-group{flex-direction:row !important;}}<\/style><div class=\"stk-row stk-inner-blocks stk-block-content stk-button-group\"><div class=\"wp-block-stackable-button stk-block-button stk-block stk-219ad99\" data-block-id=\"219ad99\"><a class=\"stk-link stk-button stk--hover-effect-darken\" href=\"https:\/\/marcianoediciones.cl\/wp-content\/uploads\/2025\/01\/libro_region-quimerica.pdf\"><span class=\"stk-button__inner-text\">Descargar<\/span><\/a><\/div><\/div><\/div><\/div><\/div><\/div><\/div><\/div><\/div><\/div><\/div><\/div>\n\n<div class=\"wp-block-stackable-columns stk-block-columns stk-block stk-7527e85\" data-block-id=\"7527e85\"><div class=\"stk-row stk-inner-blocks stk-block-content stk-content-align stk-7527e85-column\"><div class=\"wp-block-stackable-column stk-block-column stk-column stk-block stk-a78b893\" data-v=\"4\" data-block-id=\"a78b893\"><div class=\"stk-column-wrapper stk-block-column__content stk-container stk-a78b893-container stk--no-background stk--no-padding\"><div class=\"stk-block-content stk-inner-blocks stk-a78b893-inner-blocks\"><div class=\"wp-block-stackable-card stk-block-card stk-block stk-72ccf78 is-style-default\" data-v=\"2\" data-block-id=\"72ccf78\"><style>.stk-72ccf78 .stk-block-card__image img{object-fit:contain !important;}<\/style><div class=\"stk--no-padding stk-container stk-72ccf78-container stk-hover-parent\"><figure class=\"stk-block-card__image stk-img-wrapper stk-image--shape-stretch\"><img loading=\"lazy\" decoding=\"async\" class=\"stk-img wp-image-405\" src=\"https:\/\/marcianoediciones.cl\/wp-content\/uploads\/2025\/01\/encerrar-y-vigilar.png\" width=\"768\" height=\"768\" srcset=\"https:\/\/marcianoediciones.cl\/wp-content\/uploads\/2025\/01\/encerrar-y-vigilar.png 768w, https:\/\/marcianoediciones.cl\/wp-content\/uploads\/2025\/01\/encerrar-y-vigilar-300x300.png 300w, https:\/\/marcianoediciones.cl\/wp-content\/uploads\/2025\/01\/encerrar-y-vigilar-150x150.png 150w, https:\/\/marcianoediciones.cl\/wp-content\/uploads\/2025\/01\/encerrar-y-vigilar-600x600.png 600w, https:\/\/marcianoediciones.cl\/wp-content\/uploads\/2025\/01\/encerrar-y-vigilar-100x100.png 100w\" sizes=\"auto, (max-width: 768px) 100vw, 768px\" \/><\/figure><div class=\"stk-container-padding stk-block-card__content\"><div class=\"stk-block-content stk-inner-blocks stk-72ccf78-inner-blocks\"><div class=\"wp-block-stackable-heading stk-block-heading stk-block-heading--v2 stk-block stk-84f4e1b\" id=\"card-1\" data-block-id=\"84f4e1b\"><style>.stk-84f4e1b {margin-bottom:16px !important;}<\/style><h4 class=\"stk-block-heading__text has-text-align-left\">Encerrar y vigilar<\/h4><\/div>\n\n<div class=\"wp-block-stackable-text stk-block-text stk-block stk-8e9958e\" data-block-id=\"8e9958e\"><style>.stk-8e9958e {margin-bottom:26px !important;}<\/style><p class=\"stk-block-text__text\">Antolog\u00eda internacional de escritores y artistas visuales que exploran distintas experiencias durante el encierro obligatorio por la pandemia Covid-19.<\/p><\/div>\n\n<div class=\"wp-block-stackable-button-group stk-block-button-group stk-block stk-8f27868\" data-block-id=\"8f27868\"><style>.stk-8f27868 .stk-button-group{flex-direction:row !important;}@media screen and (max-width: 1023px){.stk-8f27868 .stk-button-group{flex-direction:row !important;}}@media screen and (max-width: 767px){.stk-8f27868 .stk-button-group{flex-direction:row !important;}}<\/style><div class=\"stk-row stk-inner-blocks stk-block-content stk-button-group\"><div class=\"wp-block-stackable-button stk-block-button stk-block stk-6fab778\" data-block-id=\"6fab778\"><a class=\"stk-link stk-button stk--hover-effect-darken\" href=\"https:\/\/marcianoediciones.cl\/wp-content\/uploads\/2025\/01\/Libro-encerrar-y-vigilar_escrituras_bajo_amenaza.pdf\"><span class=\"stk-button__inner-text\">Descargar<\/span><\/a><\/div><\/div><\/div><\/div><\/div><\/div><\/div><\/div><\/div><\/div>\n\n<div class=\"wp-block-stackable-column stk-block-column stk-column stk-block stk-2c88396\" data-v=\"4\" data-block-id=\"2c88396\"><div class=\"stk-column-wrapper stk-block-column__content stk-container stk-2c88396-container stk--no-background stk--no-padding\"><div class=\"stk-block-content stk-inner-blocks stk-2c88396-inner-blocks\"><\/div><\/div><\/div>\n\n<div class=\"wp-block-stackable-column stk-block-column stk-column stk-block stk-e802876\" data-v=\"4\" data-block-id=\"e802876\"><div class=\"stk-column-wrapper stk-block-column__content stk-container stk-e802876-container stk--no-background stk--no-padding\"><div class=\"stk-block-content stk-inner-blocks stk-e802876-inner-blocks\"><\/div><\/div><\/div><\/div><\/div><\/div><\/div><\/div><\/div><\/div><p><\/p>","protected":false},"excerpt":{"rendered":"<p>Descarga libros gratis \u00a1An\u00edmate! Te invitamos a descargar gratis algunos de nuestros libros. \u00a1No te los pierdas y disfruta de la lectura! Chu\u00f1il Antolog\u00eda de escritores chilenos y latinoamericanos en memoria de Julia del Carmen Chu\u00f1il Catricura, defensora medioambiental mapuche desaparecida en Chile en noviembre de 2024. Descargar Locomotoras del museo Este libro es un [&hellip;]<\/p>\n","protected":false},"author":1,"featured_media":0,"parent":0,"menu_order":0,"comment_status":"closed","ping_status":"closed","template":"","meta":{"footnotes":""},"class_list":["post-136","page","type-page","status-publish","hentry"],"blocksy_meta":{"has_hero_section":"disabled","styles_descriptor":{"styles":{"desktop":"","tablet":"","mobile":""},"google_fonts":[],"version":6}},"_links":{"self":[{"href":"https:\/\/marcianoediciones.cl\/index.php\/wp-json\/wp\/v2\/pages\/136","targetHints":{"allow":["GET"]}}],"collection":[{"href":"https:\/\/marcianoediciones.cl\/index.php\/wp-json\/wp\/v2\/pages"}],"about":[{"href":"https:\/\/marcianoediciones.cl\/index.php\/wp-json\/wp\/v2\/types\/page"}],"author":[{"embeddable":true,"href":"https:\/\/marcianoediciones.cl\/index.php\/wp-json\/wp\/v2\/users\/1"}],"replies":[{"embeddable":true,"href":"https:\/\/marcianoediciones.cl\/index.php\/wp-json\/wp\/v2\/comments?post=136"}],"version-history":[{"count":18,"href":"https:\/\/marcianoediciones.cl\/index.php\/wp-json\/wp\/v2\/pages\/136\/revisions"}],"predecessor-version":[{"id":659,"href":"https:\/\/marcianoediciones.cl\/index.php\/wp-json\/wp\/v2\/pages\/136\/revisions\/659"}],"wp:attachment":[{"href":"https:\/\/marcianoediciones.cl\/index.php\/wp-json\/wp\/v2\/media?parent=136"}],"curies":[{"name":"wp","href":"https:\/\/api.w.org\/{rel}","templated":true}]}}