{"id":470,"date":"2025-01-16T00:25:16","date_gmt":"2025-01-16T00:25:16","guid":{"rendered":"https:\/\/marcianoediciones.cl\/?page_id=470"},"modified":"2025-01-19T07:34:03","modified_gmt":"2025-01-19T11:34:03","slug":"puntos-de-venta","status":"publish","type":"page","link":"https:\/\/marcianoediciones.cl\/index.php\/puntos-de-venta\/","title":{"rendered":"Puntos de venta"},"content":{"rendered":"<div class=\"wp-block-stackable-columns alignwide stk-block-columns stk-block stk-a795a0f\" data-block-id=\"a795a0f\"><style>.stk-a795a0f {padding-top:80px !important;padding-bottom:80px !important;margin-bottom:50px !important;}<\/style><div class=\"stk-row stk-inner-blocks stk-block-content stk-content-align stk-a795a0f-column alignwide\"><div class=\"wp-block-stackable-column stk-block-column stk-column stk-block stk-9f38725\" data-v=\"4\" data-block-id=\"9f38725\"><div class=\"stk-column-wrapper stk-block-column__content stk-container stk-9f38725-container stk--no-background stk--no-padding\"><div class=\"stk-block-content stk-inner-blocks stk-9f38725-inner-blocks\"><div class=\"wp-block-stackable-heading stk-block-heading stk-block-heading--v2 stk-block stk-893bff2\" id=\"puntos-de-venta\" data-block-id=\"893bff2\"><style>.stk-893bff2 {margin-bottom:12px !important;}<\/style><h3 class=\"stk-block-heading__text has-text-align-center\">Puntos de venta<\/h3><\/div>\n\n<div class=\"wp-block-stackable-subtitle stk-block-subtitle stk-block stk-7bc6a67\" data-block-id=\"7bc6a67\"><style>.stk-7bc6a67 {margin-bottom:50px !important;}<\/style><p class=\"stk-block-subtitle__text stk-subtitle has-text-align-center\">Puedes encontrar los libros de Marciano Ediciones en <\/p><\/div>\n\n<div class=\"wp-block-stackable-columns stk-block-columns stk-block stk-c3f6931\" data-block-id=\"c3f6931\"><div class=\"stk-row stk-inner-blocks stk-block-content stk-content-align stk-c3f6931-column\"><div class=\"wp-block-stackable-column stk-block-column stk-column stk-block stk-4cee475\" data-v=\"4\" data-block-id=\"4cee475\"><div class=\"stk-column-wrapper stk-block-column__content stk-container stk-4cee475-container stk--no-background stk--no-padding\"><div class=\"stk-block-content stk-inner-blocks stk-4cee475-inner-blocks\"><div class=\"wp-block-stackable-icon-box stk-block-icon-box stk-block stk-3bd9528\" data-v=\"2\" data-block-id=\"3bd9528\"><div class=\"stk-block-content stk-inner-blocks stk-block-icon-box__content stk-container stk-3bd9528-container stk--no-background stk--no-padding\"><div class=\"wp-block-stackable-icon-label stk-block-icon-label stk-block stk-6e4c4bb\" data-block-id=\"6e4c4bb\"><div class=\"stk-row stk-inner-blocks stk-block-content\"><div class=\"wp-block-stackable-icon stk-block-icon has-text-align-left stk-block stk-699eebc\" data-block-id=\"699eebc\"><a class=\"stk-link\" href=\"https:\/\/www.instagram.com\/antro.libros\/?hl=es\" target=\"_blank\" rel=\"noreferrer noopener\"><span class=\"stk--svg-wrapper\"><div class=\"stk--inner-svg\"><svg style=\"height:0;width:0\"><defs><linearGradient id=\"linear-gradient-699eebc\" x1=\"0\" x2=\"100%\" y1=\"0\" y2=\"0\"><stop offset=\"0%\" style=\"stop-opacity:1;stop-color:var(--linear-gradient-699-eebc-color-1)\"><\/stop><stop offset=\"100%\" style=\"stop-opacity:1;stop-color:var(--linear-gradient-699-eebc-color-2)\"><\/stop><\/linearGradient><\/defs><\/svg><svg xmlns=\"http:\/\/www.w3.org\/2000\/svg\" viewBox=\"0 0 512 512\" aria-hidden=\"true\" width=\"32\" height=\"32\"><path d=\"M256 512A256 256 0 1 0 256 0a256 256 0 1 0 0 512zM216 336h24V272H216c-13.3 0-24-10.7-24-24s10.7-24 24-24h48c13.3 0 24 10.7 24 24v88h8c13.3 0 24 10.7 24 24s-10.7 24-24 24H216c-13.3 0-24-10.7-24-24s10.7-24 24-24zm40-208a32 32 0 1 1 0 64 32 32 0 1 1 0-64z\"><\/path><\/svg><\/div><\/span><\/a><\/div>\n\n<div class=\"wp-block-stackable-heading stk-block-heading stk-block-heading--v2 stk-block stk-82ac343\" id=\"antro-libros\" data-block-id=\"82ac343\"><h4 class=\"stk-block-heading__text\">Antro Libros<\/h4><\/div><\/div><\/div>\n\n<p>Librer\u00eda ubicada en Feria artesanal La Casona, local 9. El Tabo, Litoral Central<\/p><\/div><\/div><\/div><\/div><\/div>\n\n<div class=\"wp-block-stackable-column stk-block-column stk-column stk-block stk-e77f6ee\" data-v=\"4\" data-block-id=\"e77f6ee\"><div class=\"stk-column-wrapper stk-block-column__content stk-container stk-e77f6ee-container stk--no-background stk--no-padding\"><div class=\"stk-block-content stk-inner-blocks stk-e77f6ee-inner-blocks\"><div class=\"wp-block-stackable-icon-box stk-block-icon-box stk-block stk-e2ae157\" data-v=\"2\" data-block-id=\"e2ae157\"><div class=\"stk-block-content stk-inner-blocks stk-block-icon-box__content stk-container stk-e2ae157-container stk--no-background stk--no-padding\"><div class=\"wp-block-stackable-icon-label stk-block-icon-label stk-block stk-8fff3b3\" data-block-id=\"8fff3b3\"><div class=\"stk-row stk-inner-blocks stk-block-content\"><div class=\"wp-block-stackable-icon stk-block-icon has-text-align-left stk-block stk-fa0f279\" data-block-id=\"fa0f279\"><a class=\"stk-link\" href=\"https:\/\/www.buscalibre.cl\/\" target=\"_blank\" rel=\"noreferrer noopener\"><span class=\"stk--svg-wrapper\"><div class=\"stk--inner-svg\"><svg style=\"height:0;width:0\"><defs><linearGradient id=\"linear-gradient-fa0f279\" x1=\"0\" x2=\"100%\" y1=\"0\" y2=\"0\"><stop offset=\"0%\" style=\"stop-opacity:1;stop-color:var(--linear-gradient-fa-0-f-279-color-1)\"><\/stop><stop offset=\"100%\" style=\"stop-opacity:1;stop-color:var(--linear-gradient-fa-0-f-279-color-2)\"><\/stop><\/linearGradient><\/defs><\/svg><svg xmlns=\"http:\/\/www.w3.org\/2000\/svg\" viewBox=\"0 0 512 512\" aria-hidden=\"true\" width=\"32\" height=\"32\"><path d=\"M256 512A256 256 0 1 0 256 0a256 256 0 1 0 0 512zM216 336h24V272H216c-13.3 0-24-10.7-24-24s10.7-24 24-24h48c13.3 0 24 10.7 24 24v88h8c13.3 0 24 10.7 24 24s-10.7 24-24 24H216c-13.3 0-24-10.7-24-24s10.7-24 24-24zm40-208a32 32 0 1 1 0 64 32 32 0 1 1 0-64z\"><\/path><\/svg><\/div><\/span><\/a><\/div>\n\n<div class=\"wp-block-stackable-heading stk-block-heading stk-block-heading--v2 stk-block stk-8bd4b61\" id=\"busca-libre\" data-block-id=\"8bd4b61\"><h4 class=\"stk-block-heading__text\">BuscaLibre<\/h4><\/div><\/div><\/div>\n\n<p>La librer\u00eda online con mayor variedad de libros. Venta de libros con env\u00edo a todo el mundo<\/p><\/div><\/div><\/div><\/div><\/div>\n\n<div class=\"wp-block-stackable-column stk-block-column stk-column stk-block stk-d66b1af\" data-v=\"4\" data-block-id=\"d66b1af\"><div class=\"stk-column-wrapper stk-block-column__content stk-container stk-d66b1af-container stk--no-background stk--no-padding\"><div class=\"stk-block-content stk-inner-blocks stk-d66b1af-inner-blocks\"><div class=\"wp-block-stackable-icon-box stk-block-icon-box stk-block stk-8d5f9d4\" data-v=\"2\" data-block-id=\"8d5f9d4\"><div class=\"stk-block-content stk-inner-blocks stk-block-icon-box__content stk-container stk-8d5f9d4-container stk--no-background stk--no-padding\"><div class=\"wp-block-stackable-icon-label stk-block-icon-label stk-block stk-cf01d52\" data-block-id=\"cf01d52\"><div class=\"stk-row stk-inner-blocks stk-block-content\"><div class=\"wp-block-stackable-icon stk-block-icon has-text-align-left stk-block stk-11b5ab2\" data-block-id=\"11b5ab2\"><a class=\"stk-link\" href=\"https:\/\/marcianoediciones.cl\/index.php\/tienda\/\" target=\"_blank\" rel=\"noreferrer noopener\"><span class=\"stk--svg-wrapper\"><div class=\"stk--inner-svg\"><svg style=\"height:0;width:0\"><defs><linearGradient id=\"linear-gradient-11b5ab2\" x1=\"0\" x2=\"100%\" y1=\"0\" y2=\"0\"><stop offset=\"0%\" style=\"stop-opacity:1;stop-color:var(--linear-gradient-11-b-5-ab-2-color-1)\"><\/stop><stop offset=\"100%\" style=\"stop-opacity:1;stop-color:var(--linear-gradient-11-b-5-ab-2-color-2)\"><\/stop><\/linearGradient><\/defs><\/svg><svg xmlns=\"http:\/\/www.w3.org\/2000\/svg\" viewBox=\"0 0 512 512\" aria-hidden=\"true\" width=\"32\" height=\"32\"><path d=\"M256 512A256 256 0 1 0 256 0a256 256 0 1 0 0 512zM216 336h24V272H216c-13.3 0-24-10.7-24-24s10.7-24 24-24h48c13.3 0 24 10.7 24 24v88h8c13.3 0 24 10.7 24 24s-10.7 24-24 24H216c-13.3 0-24-10.7-24-24s10.7-24 24-24zm40-208a32 32 0 1 1 0 64 32 32 0 1 1 0-64z\"><\/path><\/svg><\/div><\/span><\/a><\/div>\n\n<div class=\"wp-block-stackable-heading stk-block-heading stk-block-heading--v2 stk-block stk-e205b4b\" id=\"en-nuestro-catalogo-web\" data-block-id=\"e205b4b\"><h4 class=\"stk-block-heading__text\">En nuestro cat\u00e1logo web<\/h4><\/div><\/div><\/div>\n\n<div class=\"wp-block-stackable-text stk-block-text stk-block stk-fbfa2d8\" data-block-id=\"fbfa2d8\"><p class=\"stk-block-text__text\">Solo venta nacional. Env\u00edo gratis a todo Chile. Despacho entre 2 a 7 d\u00edas h\u00e1biles dependiendo de la regi\u00f3n<\/p><\/div><\/div><\/div><\/div><\/div><\/div><\/div><\/div><\/div><\/div><\/div><\/div><\/div><h5 class=\"wp-block-heading has-text-align-center\">Y en distintas ferias de libros tales como la Feria Internacional del Libro de Santiago (FILSA), la Furia del Libro, la Primavera del Libro, la Feria Internacional del Libro y las Ciencias Sociales de Recoleta y muchas m\u00e1s.<\/h5><p><\/p>","protected":false},"excerpt":{"rendered":"<p>Puntos de venta Puedes encontrar los libros de Marciano Ediciones en Antro Libros Librer\u00eda ubicada en Feria artesanal La Casona, local 9. El Tabo, Litoral Central BuscaLibre La librer\u00eda online con mayor variedad de libros. Venta de libros con env\u00edo a todo el mundo En nuestro cat\u00e1logo web Solo venta nacional. Env\u00edo gratis a todo [&hellip;]<\/p>\n","protected":false},"author":1,"featured_media":0,"parent":0,"menu_order":0,"comment_status":"closed","ping_status":"closed","template":"","meta":{"footnotes":""},"class_list":["post-470","page","type-page","status-publish","hentry"],"blocksy_meta":{"has_hero_section":"disabled","styles_descriptor":{"styles":{"desktop":"","tablet":"","mobile":""},"google_fonts":[],"version":6}},"_links":{"self":[{"href":"https:\/\/marcianoediciones.cl\/index.php\/wp-json\/wp\/v2\/pages\/470","targetHints":{"allow":["GET"]}}],"collection":[{"href":"https:\/\/marcianoediciones.cl\/index.php\/wp-json\/wp\/v2\/pages"}],"about":[{"href":"https:\/\/marcianoediciones.cl\/index.php\/wp-json\/wp\/v2\/types\/page"}],"author":[{"embeddable":true,"href":"https:\/\/marcianoediciones.cl\/index.php\/wp-json\/wp\/v2\/users\/1"}],"replies":[{"embeddable":true,"href":"https:\/\/marcianoediciones.cl\/index.php\/wp-json\/wp\/v2\/comments?post=470"}],"version-history":[{"count":13,"href":"https:\/\/marcianoediciones.cl\/index.php\/wp-json\/wp\/v2\/pages\/470\/revisions"}],"predecessor-version":[{"id":508,"href":"https:\/\/marcianoediciones.cl\/index.php\/wp-json\/wp\/v2\/pages\/470\/revisions\/508"}],"wp:attachment":[{"href":"https:\/\/marcianoediciones.cl\/index.php\/wp-json\/wp\/v2\/media?parent=470"}],"curies":[{"name":"wp","href":"https:\/\/api.w.org\/{rel}","templated":true}]}}