{"id":210,"date":"2025-01-14T11:41:50","date_gmt":"2025-01-14T11:41:50","guid":{"rendered":"https:\/\/marcianoediciones.cl\/?post_type=product&#038;p=210"},"modified":"2025-04-24T09:59:08","modified_gmt":"2025-04-24T13:59:08","slug":"la-carne-que-sobra","status":"publish","type":"product","link":"https:\/\/marcianoediciones.cl\/index.php\/producto\/la-carne-que-sobra\/","title":{"rendered":"La carne que sobra"},"content":{"rendered":"<p>Autora: Jean V\u00e9liz D\u2019angelo<\/p>\n<p>Tipo de obra: Novela<\/p>\n<p>Formato: Tapa blanda, 174 p\u00e1ginas<\/p>\n<p>Dimensiones: 15 cm x 23 cm<\/p>\n<p>ISBN: 978-956-6094-70-8<\/p>\n<p>Despacho sin costo a todo Chile<\/p>\n<p>&nbsp;<\/p>\n<p>\u00ab\u00bfAlguna vez has pensado a qu\u00e9 sabe la carne humana? T\u00fa solo tendr\u00edas que\u2026 probar conmigo\u00bb.<\/p>\n<p>Esta es la s\u00f3rdida invitaci\u00f3n al comienzo de esta novela negra. Jean V\u00e9liz D\u2019 \u00c1ngelo, su autora, nos conduce en un enmara\u00f1ado camino donde la miseria y la maldad humana hacen su fest\u00edn. Ser\u00e1n los detectives Lombardo y Ruiz los encargados en develar el misterio y tratar de hacer justicia, en la medida de lo posible.<\/p>\n<p>La carne que sobra obtuvo el reconocimiento de ser una de las dos obras seleccionadas en la convocatoria \u201cNovela Negra 2024\u201d de Marciano Ediciones.<\/p>\n","protected":false},"excerpt":{"rendered":"<p>\u00ab\u00bfAlguna vez has pensado a qu\u00e9 sabe la carne humana? T\u00fa solo tendr\u00edas que\u2026 probar conmigo\u00bb.<\/p>\n<p>Esta es la s\u00f3rdida invitaci\u00f3n al comienzo de esta novela negra. Jean V\u00e9liz D\u2019 \u00c1ngelo, su autora, nos conduce en un enmara\u00f1ado camino donde la miseria y la maldad humana hacen su fest\u00edn.<\/p>\n","protected":false},"featured_media":233,"comment_status":"open","ping_status":"closed","template":"","meta":[],"product_brand":[],"product_cat":[18],"product_tag":[],"class_list":{"0":"post-210","1":"product","2":"type-product","3":"status-publish","4":"has-post-thumbnail","6":"product_cat-novela","8":"first","9":"instock","10":"taxable","11":"shipping-taxable","12":"purchasable","13":"product-type-simple"},"_links":{"self":[{"href":"https:\/\/marcianoediciones.cl\/index.php\/wp-json\/wp\/v2\/product\/210","targetHints":{"allow":["GET"]}}],"collection":[{"href":"https:\/\/marcianoediciones.cl\/index.php\/wp-json\/wp\/v2\/product"}],"about":[{"href":"https:\/\/marcianoediciones.cl\/index.php\/wp-json\/wp\/v2\/types\/product"}],"replies":[{"embeddable":true,"href":"https:\/\/marcianoediciones.cl\/index.php\/wp-json\/wp\/v2\/comments?post=210"}],"wp:featuredmedia":[{"embeddable":true,"href":"https:\/\/marcianoediciones.cl\/index.php\/wp-json\/wp\/v2\/media\/233"}],"wp:attachment":[{"href":"https:\/\/marcianoediciones.cl\/index.php\/wp-json\/wp\/v2\/media?parent=210"}],"wp:term":[{"taxonomy":"product_brand","embeddable":true,"href":"https:\/\/marcianoediciones.cl\/index.php\/wp-json\/wp\/v2\/product_brand?post=210"},{"taxonomy":"product_cat","embeddable":true,"href":"https:\/\/marcianoediciones.cl\/index.php\/wp-json\/wp\/v2\/product_cat?post=210"},{"taxonomy":"product_tag","embeddable":true,"href":"https:\/\/marcianoediciones.cl\/index.php\/wp-json\/wp\/v2\/product_tag?post=210"}],"curies":[{"name":"wp","href":"https:\/\/api.w.org\/{rel}","templated":true}]}}