{"id":265,"date":"2025-01-14T12:42:53","date_gmt":"2025-01-14T12:42:53","guid":{"rendered":"https:\/\/marcianoediciones.cl\/?post_type=product&#038;p=265"},"modified":"2026-02-25T11:12:07","modified_gmt":"2026-02-25T15:12:07","slug":"criaturas-fabulosas-chilenas-1","status":"publish","type":"product","link":"https:\/\/marcianoediciones.cl\/index.php\/producto\/criaturas-fabulosas-chilenas-1\/","title":{"rendered":"Criaturas fabulosas chilenas 1"},"content":{"rendered":"<p>Autor: Miguel Moreno Duhamel<\/p>\n<p>Tipo de obra: Cr\u00f3nicas y ensayos<\/p>\n<p>Formato: Tapa blanda, 204 p\u00e1ginas<\/p>\n<p>Dimensiones: 15 cm x 23 cm<\/p>\n<p>ISBN: 978-956-09050-9-3<\/p>\n<p>Despacho sin costo a todo Chile<\/p>\n<p>Un viaje por el mundo paranormal Chileno.<\/p>\n<p>Chile es un pa\u00eds paranormal. Repleto de fantasmas, demonios, hombres bestias, vampiros, monstruos de lagos, brujos, gigantes australes.<\/p>\n<p>En este libro no encontrar\u00e1n un estudio sicol\u00f3gico de la creaci\u00f3n del mito ni de sus arquetipos, sino un conjunto de cr\u00f3nicas y ensayos breves enfocados en personajes misteriosos de nuestra tradici\u00f3n, pr\u00e1cticamente un bestiario nacional.<\/p>\n","protected":false},"excerpt":{"rendered":"<p>Chile, un pa\u00eds donde el misterio abraza los paisajes, es un crisol de leyendas que despiertan la curiosidad. Este libro revela cr\u00f3nicas y ensayos sobre encuentros fant\u00e1sticos que desaf\u00edan la realidad, sumergi\u00e9ndonos en su fascinante mundo paranormal, practicamente un bestiario nacional.<\/p>\n","protected":false},"featured_media":218,"comment_status":"open","ping_status":"closed","template":"","meta":[],"product_brand":[],"product_cat":[20],"product_tag":[],"class_list":{"0":"post-265","1":"product","2":"type-product","3":"status-publish","4":"has-post-thumbnail","6":"product_cat-cronicas-y-ensayos","8":"first","9":"instock","10":"taxable","11":"shipping-taxable","12":"purchasable","13":"product-type-simple"},"_links":{"self":[{"href":"https:\/\/marcianoediciones.cl\/index.php\/wp-json\/wp\/v2\/product\/265","targetHints":{"allow":["GET"]}}],"collection":[{"href":"https:\/\/marcianoediciones.cl\/index.php\/wp-json\/wp\/v2\/product"}],"about":[{"href":"https:\/\/marcianoediciones.cl\/index.php\/wp-json\/wp\/v2\/types\/product"}],"replies":[{"embeddable":true,"href":"https:\/\/marcianoediciones.cl\/index.php\/wp-json\/wp\/v2\/comments?post=265"}],"wp:featuredmedia":[{"embeddable":true,"href":"https:\/\/marcianoediciones.cl\/index.php\/wp-json\/wp\/v2\/media\/218"}],"wp:attachment":[{"href":"https:\/\/marcianoediciones.cl\/index.php\/wp-json\/wp\/v2\/media?parent=265"}],"wp:term":[{"taxonomy":"product_brand","embeddable":true,"href":"https:\/\/marcianoediciones.cl\/index.php\/wp-json\/wp\/v2\/product_brand?post=265"},{"taxonomy":"product_cat","embeddable":true,"href":"https:\/\/marcianoediciones.cl\/index.php\/wp-json\/wp\/v2\/product_cat?post=265"},{"taxonomy":"product_tag","embeddable":true,"href":"https:\/\/marcianoediciones.cl\/index.php\/wp-json\/wp\/v2\/product_tag?post=265"}],"curies":[{"name":"wp","href":"https:\/\/api.w.org\/{rel}","templated":true}]}}