{"id":267,"date":"2025-01-14T12:54:07","date_gmt":"2025-01-14T12:54:07","guid":{"rendered":"https:\/\/marcianoediciones.cl\/?post_type=product&#038;p=267"},"modified":"2025-04-24T09:50:22","modified_gmt":"2025-04-24T13:50:22","slug":"los-suenos-drolaticos-de-pantagruel","status":"publish","type":"product","link":"https:\/\/marcianoediciones.cl\/index.php\/producto\/los-suenos-drolaticos-de-pantagruel\/","title":{"rendered":"Los sue\u00f1os drol\u00e1ticos de Pantagruel"},"content":{"rendered":"<p>Autor: Atribuido a Fran\u00e7ois Desprez<\/p>\n<p>Tipo de obra: Ilustraciones. Patrimonial<\/p>\n<p>Formato: Tapa blanda, 144 p\u00e1ginas<\/p>\n<p>Dimensiones: 15 cm x 23 cm<\/p>\n<p>ISBN: 978-956-6094-32-6<\/p>\n<p>Despacho sin costo a todo Chile<\/p>\n<p>Uno de los libros m\u00e1s misteriosos de la historia, publicado por primera vez en Par\u00eds en 1565, es una galer\u00eda de seres fant\u00e1sticos, propios de una imaginaci\u00f3n desbordante. Im\u00e1genes que parecen seguir la tradici\u00f3n de los Dr\u00f4leries medievales.<\/p>\n","protected":false},"excerpt":{"rendered":"<p>Uno de los libros m\u00e1s misteriosos de la historia, publicado por primera vez en Par\u00eds en 1565, es una galer\u00eda de seres fant\u00e1sticos, propios de una imaginaci\u00f3n desbordante. Im\u00e1genes que parecen seguir la tradici\u00f3n de los Dr\u00f4leries medievales.<\/p>\n","protected":false},"featured_media":238,"comment_status":"open","ping_status":"closed","template":"","meta":[],"product_brand":[],"product_cat":[24],"product_tag":[],"class_list":{"0":"post-267","1":"product","2":"type-product","3":"status-publish","4":"has-post-thumbnail","6":"product_cat-rara-avis","8":"first","9":"instock","10":"taxable","11":"shipping-taxable","12":"purchasable","13":"product-type-simple"},"_links":{"self":[{"href":"https:\/\/marcianoediciones.cl\/index.php\/wp-json\/wp\/v2\/product\/267","targetHints":{"allow":["GET"]}}],"collection":[{"href":"https:\/\/marcianoediciones.cl\/index.php\/wp-json\/wp\/v2\/product"}],"about":[{"href":"https:\/\/marcianoediciones.cl\/index.php\/wp-json\/wp\/v2\/types\/product"}],"replies":[{"embeddable":true,"href":"https:\/\/marcianoediciones.cl\/index.php\/wp-json\/wp\/v2\/comments?post=267"}],"wp:featuredmedia":[{"embeddable":true,"href":"https:\/\/marcianoediciones.cl\/index.php\/wp-json\/wp\/v2\/media\/238"}],"wp:attachment":[{"href":"https:\/\/marcianoediciones.cl\/index.php\/wp-json\/wp\/v2\/media?parent=267"}],"wp:term":[{"taxonomy":"product_brand","embeddable":true,"href":"https:\/\/marcianoediciones.cl\/index.php\/wp-json\/wp\/v2\/product_brand?post=267"},{"taxonomy":"product_cat","embeddable":true,"href":"https:\/\/marcianoediciones.cl\/index.php\/wp-json\/wp\/v2\/product_cat?post=267"},{"taxonomy":"product_tag","embeddable":true,"href":"https:\/\/marcianoediciones.cl\/index.php\/wp-json\/wp\/v2\/product_tag?post=267"}],"curies":[{"name":"wp","href":"https:\/\/api.w.org\/{rel}","templated":true}]}}