{"id":271,"date":"2025-01-14T13:05:11","date_gmt":"2025-01-14T13:05:11","guid":{"rendered":"https:\/\/marcianoediciones.cl\/?post_type=product&#038;p=271"},"modified":"2025-01-14T13:07:52","modified_gmt":"2025-01-14T13:07:52","slug":"el-infierno-es-un-fenomeno-de-masas","status":"publish","type":"product","link":"https:\/\/marcianoediciones.cl\/index.php\/producto\/el-infierno-es-un-fenomeno-de-masas\/","title":{"rendered":"El infierno es un fen\u00f3meno de masas"},"content":{"rendered":"<p>Autor: Alberto Sep\u00falveda Burgos<\/p>\n<p>Tipo de obra: Poes\u00eda<\/p>\n<p>Formato: Tapa blanda, 94 p\u00e1ginas<\/p>\n<p>Dimensiones: 15 cm x 23 cm<\/p>\n<p>ISBN: 978-956-6094-53-1<\/p>\n<p>Despacho sin costo a todo Chile<\/p>\n<p>Alberto Sep\u00falveda se apropia del imaginario religioso y pol\u00edtico e implanta en el aire su diatriba, entabla una po\u00e9tica de la soledad en tiempos de hiperconexi\u00f3n, globalizaci\u00f3n e individualismo.<\/p>\n","protected":false},"excerpt":{"rendered":"<p>Alberto Sep\u00falveda se apropia del imaginario religioso y pol\u00edtico e implanta en el aire su diatriba, entabla una po\u00e9tica de la soledad en tiempos de hiperconexi\u00f3n, globalizaci\u00f3n e individualismo.<\/p>\n","protected":false},"featured_media":228,"comment_status":"open","ping_status":"closed","template":"","meta":[],"product_brand":[],"product_cat":[17],"product_tag":[],"class_list":{"0":"post-271","1":"product","2":"type-product","3":"status-publish","4":"has-post-thumbnail","6":"product_cat-poesia","8":"first","9":"instock","10":"taxable","11":"shipping-taxable","12":"purchasable","13":"product-type-simple"},"_links":{"self":[{"href":"https:\/\/marcianoediciones.cl\/index.php\/wp-json\/wp\/v2\/product\/271","targetHints":{"allow":["GET"]}}],"collection":[{"href":"https:\/\/marcianoediciones.cl\/index.php\/wp-json\/wp\/v2\/product"}],"about":[{"href":"https:\/\/marcianoediciones.cl\/index.php\/wp-json\/wp\/v2\/types\/product"}],"replies":[{"embeddable":true,"href":"https:\/\/marcianoediciones.cl\/index.php\/wp-json\/wp\/v2\/comments?post=271"}],"wp:featuredmedia":[{"embeddable":true,"href":"https:\/\/marcianoediciones.cl\/index.php\/wp-json\/wp\/v2\/media\/228"}],"wp:attachment":[{"href":"https:\/\/marcianoediciones.cl\/index.php\/wp-json\/wp\/v2\/media?parent=271"}],"wp:term":[{"taxonomy":"product_brand","embeddable":true,"href":"https:\/\/marcianoediciones.cl\/index.php\/wp-json\/wp\/v2\/product_brand?post=271"},{"taxonomy":"product_cat","embeddable":true,"href":"https:\/\/marcianoediciones.cl\/index.php\/wp-json\/wp\/v2\/product_cat?post=271"},{"taxonomy":"product_tag","embeddable":true,"href":"https:\/\/marcianoediciones.cl\/index.php\/wp-json\/wp\/v2\/product_tag?post=271"}],"curies":[{"name":"wp","href":"https:\/\/api.w.org\/{rel}","templated":true}]}}