{"id":274,"date":"2025-01-14T13:13:03","date_gmt":"2025-01-14T13:13:03","guid":{"rendered":"https:\/\/marcianoediciones.cl\/?post_type=product&#038;p=274"},"modified":"2025-12-02T09:17:58","modified_gmt":"2025-12-02T13:17:58","slug":"los-paisajes-subitos","status":"publish","type":"product","link":"https:\/\/marcianoediciones.cl\/index.php\/producto\/los-paisajes-subitos\/","title":{"rendered":"Los paisajes s\u00fabitos"},"content":{"rendered":"<p>Autor: Juan Pablo Leppe Guzm\u00e1n<\/p>\n<p>Tipo de obra: Poemas<\/p>\n<p>Formato: Tapa blanda, 60 p\u00e1ginas<\/p>\n<p>Dimensiones: 13 cm x 18 cm<\/p>\n<p>ISBN: 978-956-6094-42-5<\/p>\n<p>Despacho sin costo a todo Chile<\/p>\n<p>Este libro es un ejercicio de observaci\u00f3n activa de la nostalgia por el paisaje. Aqu\u00ed no reina el asfalto sino la b\u00fasqueda de un sentido que se perdi\u00f3 con el alejamiento de la naturaleza. Es la b\u00fasqueda de una manera de situarse en la vida a partir del lugar hacia donde dirigimos la mirada.<\/p>\n","protected":false},"excerpt":{"rendered":"<p>Este libro es un ejercicio de observaci\u00f3n activa de la nostalgia por el paisaje. Aqu\u00ed no reina el asfalto sino la b\u00fasqueda de un sentido que se perdi\u00f3 con el alejamiento de la naturaleza.<\/p>\n","protected":false},"featured_media":237,"comment_status":"open","ping_status":"closed","template":"","meta":[],"product_brand":[],"product_cat":[17],"product_tag":[],"class_list":{"0":"post-274","1":"product","2":"type-product","3":"status-publish","4":"has-post-thumbnail","6":"product_cat-poesia","8":"first","9":"outofstock","10":"taxable","11":"shipping-taxable","12":"purchasable","13":"product-type-simple"},"_links":{"self":[{"href":"https:\/\/marcianoediciones.cl\/index.php\/wp-json\/wp\/v2\/product\/274","targetHints":{"allow":["GET"]}}],"collection":[{"href":"https:\/\/marcianoediciones.cl\/index.php\/wp-json\/wp\/v2\/product"}],"about":[{"href":"https:\/\/marcianoediciones.cl\/index.php\/wp-json\/wp\/v2\/types\/product"}],"replies":[{"embeddable":true,"href":"https:\/\/marcianoediciones.cl\/index.php\/wp-json\/wp\/v2\/comments?post=274"}],"wp:featuredmedia":[{"embeddable":true,"href":"https:\/\/marcianoediciones.cl\/index.php\/wp-json\/wp\/v2\/media\/237"}],"wp:attachment":[{"href":"https:\/\/marcianoediciones.cl\/index.php\/wp-json\/wp\/v2\/media?parent=274"}],"wp:term":[{"taxonomy":"product_brand","embeddable":true,"href":"https:\/\/marcianoediciones.cl\/index.php\/wp-json\/wp\/v2\/product_brand?post=274"},{"taxonomy":"product_cat","embeddable":true,"href":"https:\/\/marcianoediciones.cl\/index.php\/wp-json\/wp\/v2\/product_cat?post=274"},{"taxonomy":"product_tag","embeddable":true,"href":"https:\/\/marcianoediciones.cl\/index.php\/wp-json\/wp\/v2\/product_tag?post=274"}],"curies":[{"name":"wp","href":"https:\/\/api.w.org\/{rel}","templated":true}]}}