{"id":275,"date":"2025-01-14T13:15:08","date_gmt":"2025-01-14T13:15:08","guid":{"rendered":"https:\/\/marcianoediciones.cl\/?post_type=product&#038;p=275"},"modified":"2025-04-24T09:44:58","modified_gmt":"2025-04-24T13:44:58","slug":"palabras-salvajes","status":"publish","type":"product","link":"https:\/\/marcianoediciones.cl\/index.php\/producto\/palabras-salvajes\/","title":{"rendered":"Palabras salvajes"},"content":{"rendered":"<p>Autor: Luis Ca\u00f1io Malpu<\/p>\n<p>Tipo de obra: Poes\u00eda<\/p>\n<p>Formato: Tapa blanda, 64 p\u00e1ginas<\/p>\n<p>Dimensiones: 15 cm x 23 cm<\/p>\n<p>ISBN: 978-956-6094-57-9<\/p>\n<p>Despacho sin costo a todo Chile<\/p>\n<p>Este nuevo libro de Luis Ca\u00f1io, es una cr\u00edtica despiadada ante la injusticia, la violencia, la discriminaci\u00f3n, la desigualdad, la corrupci\u00f3n, el peso brutal de las normas y los controles impuestos por el poder para mantener domesticado a los que puedan amenazar las estructuras de la pol\u00edtica del mercado y el dominio farmacol\u00f3gico.<\/p>\n","protected":false},"excerpt":{"rendered":"<p>En su nuevo libro, Luis Ca\u00f1io despliega una cr\u00edtica feroz a la injusticia y la violencia, desnudando la discriminaci\u00f3n y la desigualdad. Cada p\u00e1gina invita a reflexionar y desafiar nuestra realidad.<\/p>\n","protected":false},"featured_media":246,"comment_status":"open","ping_status":"closed","template":"","meta":[],"product_brand":[],"product_cat":[17],"product_tag":[],"class_list":{"0":"post-275","1":"product","2":"type-product","3":"status-publish","4":"has-post-thumbnail","6":"product_cat-poesia","8":"first","9":"instock","10":"taxable","11":"shipping-taxable","12":"purchasable","13":"product-type-simple"},"_links":{"self":[{"href":"https:\/\/marcianoediciones.cl\/index.php\/wp-json\/wp\/v2\/product\/275","targetHints":{"allow":["GET"]}}],"collection":[{"href":"https:\/\/marcianoediciones.cl\/index.php\/wp-json\/wp\/v2\/product"}],"about":[{"href":"https:\/\/marcianoediciones.cl\/index.php\/wp-json\/wp\/v2\/types\/product"}],"replies":[{"embeddable":true,"href":"https:\/\/marcianoediciones.cl\/index.php\/wp-json\/wp\/v2\/comments?post=275"}],"wp:featuredmedia":[{"embeddable":true,"href":"https:\/\/marcianoediciones.cl\/index.php\/wp-json\/wp\/v2\/media\/246"}],"wp:attachment":[{"href":"https:\/\/marcianoediciones.cl\/index.php\/wp-json\/wp\/v2\/media?parent=275"}],"wp:term":[{"taxonomy":"product_brand","embeddable":true,"href":"https:\/\/marcianoediciones.cl\/index.php\/wp-json\/wp\/v2\/product_brand?post=275"},{"taxonomy":"product_cat","embeddable":true,"href":"https:\/\/marcianoediciones.cl\/index.php\/wp-json\/wp\/v2\/product_cat?post=275"},{"taxonomy":"product_tag","embeddable":true,"href":"https:\/\/marcianoediciones.cl\/index.php\/wp-json\/wp\/v2\/product_tag?post=275"}],"curies":[{"name":"wp","href":"https:\/\/api.w.org\/{rel}","templated":true}]}}