{"id":277,"date":"2025-01-14T13:30:55","date_gmt":"2025-01-14T13:30:55","guid":{"rendered":"https:\/\/marcianoediciones.cl\/?post_type=product&#038;p=277"},"modified":"2025-12-04T01:23:54","modified_gmt":"2025-12-04T05:23:54","slug":"neopoesia","status":"publish","type":"product","link":"https:\/\/marcianoediciones.cl\/index.php\/producto\/neopoesia\/","title":{"rendered":"Neopoes\u00eda"},"content":{"rendered":"<p>Autor: David Lethei<\/p>\n<p>Tipo de obra: Poes\u00eda<\/p>\n<p>Formato: Tapa blanda, 140 p\u00e1ginas<\/p>\n<p>Dimensiones: 15 cm x 23 cm<\/p>\n<p>ISBN: 978-956-6094-37-1<\/p>\n<p>Despacho sin costo a todo Chile<\/p>\n<p>David Letehi es un neopoeta, un ser humano recargable. La presente obra es parte de una trilog\u00eda de libros que se suma a <em>Los versos de Minerva<\/em> (poes\u00eda rom\u00e1ntica) y\u00a0<em>Arde el Sur<\/em> (poes\u00eda er\u00f3tica). Como tal, compila piezas de varias obras de su autor\u00eda, manteniendo como eje conductor la poes\u00eda experimental, sea esta entendida en t\u00e9rminos de forma como de fondo.<\/p>\n","protected":false},"excerpt":{"rendered":"<p>David Lethei transforma la palabra escrita en un vibrante collage, donde cada poema es un juego. Reflexiones profundas se entrelazan con el humor, cautivando al lector en su experimentaci\u00f3n literaria.<\/p>\n","protected":false},"featured_media":244,"comment_status":"open","ping_status":"closed","template":"","meta":[],"product_brand":[],"product_cat":[17],"product_tag":[],"class_list":{"0":"post-277","1":"product","2":"type-product","3":"status-publish","4":"has-post-thumbnail","6":"product_cat-poesia","8":"first","9":"instock","10":"taxable","11":"shipping-taxable","12":"purchasable","13":"product-type-simple"},"_links":{"self":[{"href":"https:\/\/marcianoediciones.cl\/index.php\/wp-json\/wp\/v2\/product\/277","targetHints":{"allow":["GET"]}}],"collection":[{"href":"https:\/\/marcianoediciones.cl\/index.php\/wp-json\/wp\/v2\/product"}],"about":[{"href":"https:\/\/marcianoediciones.cl\/index.php\/wp-json\/wp\/v2\/types\/product"}],"replies":[{"embeddable":true,"href":"https:\/\/marcianoediciones.cl\/index.php\/wp-json\/wp\/v2\/comments?post=277"}],"wp:featuredmedia":[{"embeddable":true,"href":"https:\/\/marcianoediciones.cl\/index.php\/wp-json\/wp\/v2\/media\/244"}],"wp:attachment":[{"href":"https:\/\/marcianoediciones.cl\/index.php\/wp-json\/wp\/v2\/media?parent=277"}],"wp:term":[{"taxonomy":"product_brand","embeddable":true,"href":"https:\/\/marcianoediciones.cl\/index.php\/wp-json\/wp\/v2\/product_brand?post=277"},{"taxonomy":"product_cat","embeddable":true,"href":"https:\/\/marcianoediciones.cl\/index.php\/wp-json\/wp\/v2\/product_cat?post=277"},{"taxonomy":"product_tag","embeddable":true,"href":"https:\/\/marcianoediciones.cl\/index.php\/wp-json\/wp\/v2\/product_tag?post=277"}],"curies":[{"name":"wp","href":"https:\/\/api.w.org\/{rel}","templated":true}]}}