{"id":278,"date":"2025-01-14T13:35:29","date_gmt":"2025-01-14T13:35:29","guid":{"rendered":"https:\/\/marcianoediciones.cl\/?post_type=product&#038;p=278"},"modified":"2025-04-24T09:42:30","modified_gmt":"2025-04-24T13:42:30","slug":"prefiero-no-olvidar","status":"publish","type":"product","link":"https:\/\/marcianoediciones.cl\/index.php\/producto\/prefiero-no-olvidar\/","title":{"rendered":"Prefiero no olvidar"},"content":{"rendered":"<p>Autora: Sherry Puga<\/p>\n<p>Tipo de obra: Poes\u00eda<\/p>\n<p>Formato: Tapa blanda, 100 p\u00e1ginas<\/p>\n<p>Dimensiones: 15 cm x 23 cm<\/p>\n<p>ISBN: 978-956-6094-51-7<\/p>\n<p>Despacho sin costo a todo Chile<\/p>\n<p>En el marco de los 50 a\u00f1os del golpe civil y militar, Sherry Puga prefiere volver a tener fe despu\u00e9s de ver el infierno, aunque es una tarea dif\u00edcil, pero la autora es valiente y no claudica ante la adversidad.\u00a0 Prefiere no olvidar y no perder la esperanza en que la vida mejorar\u00e1.<\/p>\n","protected":false},"excerpt":{"rendered":"<p>Un libro \u00edntimo que aborda las experiencias de la autora a 50 a\u00f1os del golpe civil y militar en Chile.<\/p>\n","protected":false},"featured_media":248,"comment_status":"open","ping_status":"closed","template":"","meta":[],"product_brand":[],"product_cat":[17],"product_tag":[],"class_list":{"0":"post-278","1":"product","2":"type-product","3":"status-publish","4":"has-post-thumbnail","6":"product_cat-poesia","8":"first","9":"instock","10":"taxable","11":"shipping-taxable","12":"purchasable","13":"product-type-simple"},"_links":{"self":[{"href":"https:\/\/marcianoediciones.cl\/index.php\/wp-json\/wp\/v2\/product\/278","targetHints":{"allow":["GET"]}}],"collection":[{"href":"https:\/\/marcianoediciones.cl\/index.php\/wp-json\/wp\/v2\/product"}],"about":[{"href":"https:\/\/marcianoediciones.cl\/index.php\/wp-json\/wp\/v2\/types\/product"}],"replies":[{"embeddable":true,"href":"https:\/\/marcianoediciones.cl\/index.php\/wp-json\/wp\/v2\/comments?post=278"}],"wp:featuredmedia":[{"embeddable":true,"href":"https:\/\/marcianoediciones.cl\/index.php\/wp-json\/wp\/v2\/media\/248"}],"wp:attachment":[{"href":"https:\/\/marcianoediciones.cl\/index.php\/wp-json\/wp\/v2\/media?parent=278"}],"wp:term":[{"taxonomy":"product_brand","embeddable":true,"href":"https:\/\/marcianoediciones.cl\/index.php\/wp-json\/wp\/v2\/product_brand?post=278"},{"taxonomy":"product_cat","embeddable":true,"href":"https:\/\/marcianoediciones.cl\/index.php\/wp-json\/wp\/v2\/product_cat?post=278"},{"taxonomy":"product_tag","embeddable":true,"href":"https:\/\/marcianoediciones.cl\/index.php\/wp-json\/wp\/v2\/product_tag?post=278"}],"curies":[{"name":"wp","href":"https:\/\/api.w.org\/{rel}","templated":true}]}}