{"id":282,"date":"2025-01-14T13:45:55","date_gmt":"2025-01-14T13:45:55","guid":{"rendered":"https:\/\/marcianoediciones.cl\/?post_type=product&#038;p=282"},"modified":"2025-04-24T09:38:55","modified_gmt":"2025-04-24T13:38:55","slug":"ribera-sur","status":"publish","type":"product","link":"https:\/\/marcianoediciones.cl\/index.php\/producto\/ribera-sur\/","title":{"rendered":"Ribera sur"},"content":{"rendered":"<p>Autor: Samuel Leal<\/p>\n<p>Tipo de obra: Poes\u00eda<\/p>\n<p>Formato: Tapa blanda, 146 p\u00e1ginas<\/p>\n<p>Dimensiones: 13 cm x 18 cm<\/p>\n<p>ISBN: 978-956-6094-34-0<\/p>\n<p>Edici\u00f3n: Primera<\/p>\n<p>PVP: $8.000<\/p>\n<p>Despacho sin costo a todo Chile<\/p>\n<p>Samuel Leal nos lleva a reconocer la ciudad desde el lado sur del r\u00edo Mapocho, comparte su amplio campo visual para darnos cuenta de que all\u00ed a\u00fan perviven los tactos, rasgu\u00f1os, aromas y hedores, en fin, los ecos de empecinados fantasmas que se dejan vislumbrar, d\u00e1ndole sentido a este ahora, como una vieja foto que se desvanece con los a\u00f1os.<\/p>\n","protected":false},"excerpt":{"rendered":"<p>Samuel Leal nos lleva a reconocer la ciudad desde el lado sur del r\u00edo Mapocho, comparte su amplio campo visual para darnos cuenta de que all\u00ed a\u00fan perviven los tactos, rasgu\u00f1os, aromas y hedores, en fin, los ecos de empecinados fantasmas que se dejan vislumbrar, d\u00e1ndole sentido a este ahora, como una vieja foto que se desvanece con los a\u00f1os.<\/p>\n","protected":false},"featured_media":252,"comment_status":"open","ping_status":"closed","template":"","meta":[],"product_brand":[],"product_cat":[17],"product_tag":[],"class_list":{"0":"post-282","1":"product","2":"type-product","3":"status-publish","4":"has-post-thumbnail","6":"product_cat-poesia","8":"first","9":"instock","10":"taxable","11":"shipping-taxable","12":"purchasable","13":"product-type-simple"},"_links":{"self":[{"href":"https:\/\/marcianoediciones.cl\/index.php\/wp-json\/wp\/v2\/product\/282","targetHints":{"allow":["GET"]}}],"collection":[{"href":"https:\/\/marcianoediciones.cl\/index.php\/wp-json\/wp\/v2\/product"}],"about":[{"href":"https:\/\/marcianoediciones.cl\/index.php\/wp-json\/wp\/v2\/types\/product"}],"replies":[{"embeddable":true,"href":"https:\/\/marcianoediciones.cl\/index.php\/wp-json\/wp\/v2\/comments?post=282"}],"wp:featuredmedia":[{"embeddable":true,"href":"https:\/\/marcianoediciones.cl\/index.php\/wp-json\/wp\/v2\/media\/252"}],"wp:attachment":[{"href":"https:\/\/marcianoediciones.cl\/index.php\/wp-json\/wp\/v2\/media?parent=282"}],"wp:term":[{"taxonomy":"product_brand","embeddable":true,"href":"https:\/\/marcianoediciones.cl\/index.php\/wp-json\/wp\/v2\/product_brand?post=282"},{"taxonomy":"product_cat","embeddable":true,"href":"https:\/\/marcianoediciones.cl\/index.php\/wp-json\/wp\/v2\/product_cat?post=282"},{"taxonomy":"product_tag","embeddable":true,"href":"https:\/\/marcianoediciones.cl\/index.php\/wp-json\/wp\/v2\/product_tag?post=282"}],"curies":[{"name":"wp","href":"https:\/\/api.w.org\/{rel}","templated":true}]}}