{"id":287,"date":"2025-01-14T14:36:55","date_gmt":"2025-01-14T14:36:55","guid":{"rendered":"https:\/\/marcianoediciones.cl\/?post_type=product&#038;p=287"},"modified":"2025-12-03T07:18:14","modified_gmt":"2025-12-03T11:18:14","slug":"el-canto-de-las-piedras","status":"publish","type":"product","link":"https:\/\/marcianoediciones.cl\/index.php\/producto\/el-canto-de-las-piedras\/","title":{"rendered":"El canto de las piedras"},"content":{"rendered":"<p>Autor: Juan Esteban Mayor<\/p>\n<p>Tipo de obra: Novela<\/p>\n<p>Formato: Tapa blanda, 92 p\u00e1ginas<\/p>\n<p>Dimensiones: 14 cm x 21 cm<\/p>\n<p>ISBN: 978-956-6094-06-7<\/p>\n<p>Despacho sin costo a todo Chile<\/p>\n<p>Un relato \u00edntimo y simb\u00f3lico, una historia de crecimiento y autosuperaci\u00f3n.<\/p>\n","protected":false},"excerpt":{"rendered":"<p>Un relato \u00edntimo y simb\u00f3lico, una historia de crecimiento y autosuperaci\u00f3n.<\/p>\n","protected":false},"featured_media":227,"comment_status":"open","ping_status":"closed","template":"","meta":[],"product_brand":[],"product_cat":[18],"product_tag":[],"class_list":{"0":"post-287","1":"product","2":"type-product","3":"status-publish","4":"has-post-thumbnail","6":"product_cat-novela","8":"first","9":"outofstock","10":"taxable","11":"shipping-taxable","12":"purchasable","13":"product-type-simple"},"_links":{"self":[{"href":"https:\/\/marcianoediciones.cl\/index.php\/wp-json\/wp\/v2\/product\/287","targetHints":{"allow":["GET"]}}],"collection":[{"href":"https:\/\/marcianoediciones.cl\/index.php\/wp-json\/wp\/v2\/product"}],"about":[{"href":"https:\/\/marcianoediciones.cl\/index.php\/wp-json\/wp\/v2\/types\/product"}],"replies":[{"embeddable":true,"href":"https:\/\/marcianoediciones.cl\/index.php\/wp-json\/wp\/v2\/comments?post=287"}],"wp:featuredmedia":[{"embeddable":true,"href":"https:\/\/marcianoediciones.cl\/index.php\/wp-json\/wp\/v2\/media\/227"}],"wp:attachment":[{"href":"https:\/\/marcianoediciones.cl\/index.php\/wp-json\/wp\/v2\/media?parent=287"}],"wp:term":[{"taxonomy":"product_brand","embeddable":true,"href":"https:\/\/marcianoediciones.cl\/index.php\/wp-json\/wp\/v2\/product_brand?post=287"},{"taxonomy":"product_cat","embeddable":true,"href":"https:\/\/marcianoediciones.cl\/index.php\/wp-json\/wp\/v2\/product_cat?post=287"},{"taxonomy":"product_tag","embeddable":true,"href":"https:\/\/marcianoediciones.cl\/index.php\/wp-json\/wp\/v2\/product_tag?post=287"}],"curies":[{"name":"wp","href":"https:\/\/api.w.org\/{rel}","templated":true}]}}