{"id":291,"date":"2025-01-14T14:50:08","date_gmt":"2025-01-14T14:50:08","guid":{"rendered":"https:\/\/marcianoediciones.cl\/?post_type=product&#038;p=291"},"modified":"2025-01-14T14:50:08","modified_gmt":"2025-01-14T14:50:08","slug":"atardecer-en-blue","status":"publish","type":"product","link":"https:\/\/marcianoediciones.cl\/index.php\/producto\/atardecer-en-blue\/","title":{"rendered":"Atardecer en blue"},"content":{"rendered":"<p>Autor: Alberto D\u00edaz Parra<\/p>\n<p>Tipo de obra: Poes\u00eda<\/p>\n<p>Formato: Tapa blanda, 80 p\u00e1ginas<\/p>\n<p>Dimensiones: 14 cm x 21 cm<\/p>\n<p>ISBN: 978-956-6094-17-3<\/p>\n<p>Despacho sin costo a todo Chile<\/p>\n<p>Alberto D\u00edaz Parra nos ofrece un mundo de poes\u00eda, arte y jazz, invit\u00e1ndonos a un encuentro con el mar de la palabra.<\/p>\n","protected":false},"excerpt":{"rendered":"<p>Alberto D\u00edaz Parra nos ofrece un mundo de poes\u00eda, arte y jazz, invit\u00e1ndonos a un encuentro con el mar de la palabra.<\/p>\n","protected":false},"featured_media":216,"comment_status":"open","ping_status":"closed","template":"","meta":[],"product_brand":[],"product_cat":[17],"product_tag":[],"class_list":{"0":"post-291","1":"product","2":"type-product","3":"status-publish","4":"has-post-thumbnail","6":"product_cat-poesia","8":"first","9":"instock","10":"taxable","11":"shipping-taxable","12":"purchasable","13":"product-type-simple"},"_links":{"self":[{"href":"https:\/\/marcianoediciones.cl\/index.php\/wp-json\/wp\/v2\/product\/291","targetHints":{"allow":["GET"]}}],"collection":[{"href":"https:\/\/marcianoediciones.cl\/index.php\/wp-json\/wp\/v2\/product"}],"about":[{"href":"https:\/\/marcianoediciones.cl\/index.php\/wp-json\/wp\/v2\/types\/product"}],"replies":[{"embeddable":true,"href":"https:\/\/marcianoediciones.cl\/index.php\/wp-json\/wp\/v2\/comments?post=291"}],"wp:featuredmedia":[{"embeddable":true,"href":"https:\/\/marcianoediciones.cl\/index.php\/wp-json\/wp\/v2\/media\/216"}],"wp:attachment":[{"href":"https:\/\/marcianoediciones.cl\/index.php\/wp-json\/wp\/v2\/media?parent=291"}],"wp:term":[{"taxonomy":"product_brand","embeddable":true,"href":"https:\/\/marcianoediciones.cl\/index.php\/wp-json\/wp\/v2\/product_brand?post=291"},{"taxonomy":"product_cat","embeddable":true,"href":"https:\/\/marcianoediciones.cl\/index.php\/wp-json\/wp\/v2\/product_cat?post=291"},{"taxonomy":"product_tag","embeddable":true,"href":"https:\/\/marcianoediciones.cl\/index.php\/wp-json\/wp\/v2\/product_tag?post=291"}],"curies":[{"name":"wp","href":"https:\/\/api.w.org\/{rel}","templated":true}]}}