{"id":295,"date":"2025-01-14T15:20:32","date_gmt":"2025-01-14T15:20:32","guid":{"rendered":"https:\/\/marcianoediciones.cl\/?post_type=product&#038;p=295"},"modified":"2025-01-14T15:20:32","modified_gmt":"2025-01-14T15:20:32","slug":"delirios-delirancias","status":"publish","type":"product","link":"https:\/\/marcianoediciones.cl\/index.php\/producto\/delirios-delirancias\/","title":{"rendered":"Delirios &#038; Delirancias"},"content":{"rendered":"<p>Autor: Alberto D\u00edaz Parra<\/p>\n<p>Tipo de obra: Poes\u00eda<\/p>\n<p>Formato: Tapa blanda, 64 p\u00e1ginas<\/p>\n<p>Dimensiones: 18,5 cm x 26,5 cm<\/p>\n<p>ISBN: 978-956-6094-21-0<\/p>\n<p>Despacho sin costo a todo Chile<\/p>\n<p>Poemas y collages de Alberto D\u00edaz Parra, artista visual, m\u00fasico y escritor. Una alquimia surrealista, poes\u00eda de avanzada con \u00f3ptica social.<\/p>\n","protected":false},"excerpt":{"rendered":"<p>Poemas y collages de Alberto D\u00edaz Parra, artista visual, m\u00fasico y escritor. Una alquimia surrealista, poes\u00eda de avanzada con \u00f3ptica social.<\/p>\n","protected":false},"featured_media":223,"comment_status":"open","ping_status":"closed","template":"","meta":[],"product_brand":[],"product_cat":[17],"product_tag":[],"class_list":{"0":"post-295","1":"product","2":"type-product","3":"status-publish","4":"has-post-thumbnail","6":"product_cat-poesia","8":"first","9":"instock","10":"taxable","11":"shipping-taxable","12":"purchasable","13":"product-type-simple"},"_links":{"self":[{"href":"https:\/\/marcianoediciones.cl\/index.php\/wp-json\/wp\/v2\/product\/295","targetHints":{"allow":["GET"]}}],"collection":[{"href":"https:\/\/marcianoediciones.cl\/index.php\/wp-json\/wp\/v2\/product"}],"about":[{"href":"https:\/\/marcianoediciones.cl\/index.php\/wp-json\/wp\/v2\/types\/product"}],"replies":[{"embeddable":true,"href":"https:\/\/marcianoediciones.cl\/index.php\/wp-json\/wp\/v2\/comments?post=295"}],"wp:featuredmedia":[{"embeddable":true,"href":"https:\/\/marcianoediciones.cl\/index.php\/wp-json\/wp\/v2\/media\/223"}],"wp:attachment":[{"href":"https:\/\/marcianoediciones.cl\/index.php\/wp-json\/wp\/v2\/media?parent=295"}],"wp:term":[{"taxonomy":"product_brand","embeddable":true,"href":"https:\/\/marcianoediciones.cl\/index.php\/wp-json\/wp\/v2\/product_brand?post=295"},{"taxonomy":"product_cat","embeddable":true,"href":"https:\/\/marcianoediciones.cl\/index.php\/wp-json\/wp\/v2\/product_cat?post=295"},{"taxonomy":"product_tag","embeddable":true,"href":"https:\/\/marcianoediciones.cl\/index.php\/wp-json\/wp\/v2\/product_tag?post=295"}],"curies":[{"name":"wp","href":"https:\/\/api.w.org\/{rel}","templated":true}]}}