{"id":296,"date":"2025-01-14T15:22:01","date_gmt":"2025-01-14T15:22:01","guid":{"rendered":"https:\/\/marcianoediciones.cl\/?post_type=product&#038;p=296"},"modified":"2025-05-02T06:00:53","modified_gmt":"2025-05-02T10:00:53","slug":"cuestiones-amargas","status":"publish","type":"product","link":"https:\/\/marcianoediciones.cl\/index.php\/producto\/cuestiones-amargas\/","title":{"rendered":"Cuestiones amargas"},"content":{"rendered":"<p>Autora: Mar\u00eda Teresa P\u00e9rez Dom\u00ednguez<\/p>\n<p>Tipo de obra: Poes\u00eda<\/p>\n<p>Formato: Tapa blanda, 60 p\u00e1ginas<\/p>\n<p>Dimensiones: 13cm x 18 cm<\/p>\n<p>ISBN: 978-956-6094-04-3<\/p>\n<p>Despacho sin costo a todo Chile<\/p>\n<p>Una autora de voz s\u00f3lida en la poes\u00eda chilena, nos entrega estos versos que sanan al filo del lenguaje.<\/p>\n","protected":false},"excerpt":{"rendered":"<p>Una autora de voz s\u00f3lida en la poes\u00eda chilena, nos entrega estos versos que sanan al filo del lenguaje.<\/p>\n","protected":false},"featured_media":221,"comment_status":"open","ping_status":"closed","template":"","meta":[],"product_brand":[],"product_cat":[17],"product_tag":[],"class_list":{"0":"post-296","1":"product","2":"type-product","3":"status-publish","4":"has-post-thumbnail","6":"product_cat-poesia","8":"first","9":"outofstock","10":"taxable","11":"shipping-taxable","12":"purchasable","13":"product-type-simple"},"_links":{"self":[{"href":"https:\/\/marcianoediciones.cl\/index.php\/wp-json\/wp\/v2\/product\/296","targetHints":{"allow":["GET"]}}],"collection":[{"href":"https:\/\/marcianoediciones.cl\/index.php\/wp-json\/wp\/v2\/product"}],"about":[{"href":"https:\/\/marcianoediciones.cl\/index.php\/wp-json\/wp\/v2\/types\/product"}],"replies":[{"embeddable":true,"href":"https:\/\/marcianoediciones.cl\/index.php\/wp-json\/wp\/v2\/comments?post=296"}],"wp:featuredmedia":[{"embeddable":true,"href":"https:\/\/marcianoediciones.cl\/index.php\/wp-json\/wp\/v2\/media\/221"}],"wp:attachment":[{"href":"https:\/\/marcianoediciones.cl\/index.php\/wp-json\/wp\/v2\/media?parent=296"}],"wp:term":[{"taxonomy":"product_brand","embeddable":true,"href":"https:\/\/marcianoediciones.cl\/index.php\/wp-json\/wp\/v2\/product_brand?post=296"},{"taxonomy":"product_cat","embeddable":true,"href":"https:\/\/marcianoediciones.cl\/index.php\/wp-json\/wp\/v2\/product_cat?post=296"},{"taxonomy":"product_tag","embeddable":true,"href":"https:\/\/marcianoediciones.cl\/index.php\/wp-json\/wp\/v2\/product_tag?post=296"}],"curies":[{"name":"wp","href":"https:\/\/api.w.org\/{rel}","templated":true}]}}