{"id":299,"date":"2025-01-14T15:29:53","date_gmt":"2025-01-14T15:29:53","guid":{"rendered":"https:\/\/marcianoediciones.cl\/?post_type=product&#038;p=299"},"modified":"2025-01-14T15:30:39","modified_gmt":"2025-01-14T15:30:39","slug":"ribera-norte","status":"publish","type":"product","link":"https:\/\/marcianoediciones.cl\/index.php\/producto\/ribera-norte\/","title":{"rendered":"Ribera norte"},"content":{"rendered":"<p>Autor: Samuel Leal<\/p>\n<p>Tipo de obra: Poes\u00eda<\/p>\n<p>Formato: Tapa blanda, 110 p\u00e1ginas<\/p>\n<p>Dimensiones: 13 cm x 18 cm<\/p>\n<p>ISBN: 978-956-09050-5-5<\/p>\n<p>Despacho sin costo a todo Chile<\/p>\n<p>&nbsp;<\/p>\n<p>Samuel Leal es un poeta que ha sido capaz de mantener por largos a\u00f1os oculto su oficio creativo.\u00a0 En silencio y distancia ha ido configurando un mundo muy personal, pero que te involucra a ti, oh caro lector, devel\u00e1ndote tambi\u00e9n en la necesidad de emprender un viaje en conjunto como es toda lectura, una comuni\u00f3n como dijera Octavio Paz.<\/p>\n","protected":false},"excerpt":{"rendered":"<p>Samuel Leal es un poeta que ha sido capaz de mantener por largos a\u00f1os oculto su oficio creativo.\u00a0 En silencio y distancia ha ido configurando un mundo muy personal, pero que te involucra a ti, oh caro lector, devel\u00e1ndote tambi\u00e9n en la necesidad de emprender un viaje en conjunto como es toda lectura, una comuni\u00f3n como dijera Octavio Paz.<\/p>\n","protected":false},"featured_media":251,"comment_status":"open","ping_status":"closed","template":"","meta":[],"product_brand":[],"product_cat":[17],"product_tag":[],"class_list":{"0":"post-299","1":"product","2":"type-product","3":"status-publish","4":"has-post-thumbnail","6":"product_cat-poesia","8":"first","9":"instock","10":"taxable","11":"shipping-taxable","12":"purchasable","13":"product-type-simple"},"_links":{"self":[{"href":"https:\/\/marcianoediciones.cl\/index.php\/wp-json\/wp\/v2\/product\/299","targetHints":{"allow":["GET"]}}],"collection":[{"href":"https:\/\/marcianoediciones.cl\/index.php\/wp-json\/wp\/v2\/product"}],"about":[{"href":"https:\/\/marcianoediciones.cl\/index.php\/wp-json\/wp\/v2\/types\/product"}],"replies":[{"embeddable":true,"href":"https:\/\/marcianoediciones.cl\/index.php\/wp-json\/wp\/v2\/comments?post=299"}],"wp:featuredmedia":[{"embeddable":true,"href":"https:\/\/marcianoediciones.cl\/index.php\/wp-json\/wp\/v2\/media\/251"}],"wp:attachment":[{"href":"https:\/\/marcianoediciones.cl\/index.php\/wp-json\/wp\/v2\/media?parent=299"}],"wp:term":[{"taxonomy":"product_brand","embeddable":true,"href":"https:\/\/marcianoediciones.cl\/index.php\/wp-json\/wp\/v2\/product_brand?post=299"},{"taxonomy":"product_cat","embeddable":true,"href":"https:\/\/marcianoediciones.cl\/index.php\/wp-json\/wp\/v2\/product_cat?post=299"},{"taxonomy":"product_tag","embeddable":true,"href":"https:\/\/marcianoediciones.cl\/index.php\/wp-json\/wp\/v2\/product_tag?post=299"}],"curies":[{"name":"wp","href":"https:\/\/api.w.org\/{rel}","templated":true}]}}