{"id":300,"date":"2025-01-14T15:32:55","date_gmt":"2025-01-14T15:32:55","guid":{"rendered":"https:\/\/marcianoediciones.cl\/?post_type=product&#038;p=300"},"modified":"2026-02-25T11:12:07","modified_gmt":"2026-02-25T15:12:07","slug":"lucila-de-zoogea","status":"publish","type":"product","link":"https:\/\/marcianoediciones.cl\/index.php\/producto\/lucila-de-zoogea\/","title":{"rendered":"Lucila de Zoogea"},"content":{"rendered":"<p>Autores: Miguel Moreno Duhamel y Musa Moreno<\/p>\n<p>Tipo de obra: Cuentos para colorear<\/p>\n<p>Formato: Tapa blanda, 118 p\u00e1ginas<\/p>\n<p>Dimensiones: 14 cm x 21 cm<\/p>\n<p>ISBN: 978-956-09050-4-8<\/p>\n<p>Despacho sin costo a todo Chile<\/p>\n<p>En un planeta sin humanos, llamado Zoogea, en que los animales pudieron desarrollarse sin nada que impidiera su avance evolutivo, vive Lucila, una gatita inquieta cuya vida cambiar\u00e1 cuando le diagnostiquen Diabetes Mellitus Tipo 1. Afortunadamente para ella, la rodean sus amigos Mar\u00eda Luisa, Pablo y Vicente quienes son un apoyo sincero, demostr\u00e1ndole en cada momento a la peque\u00f1a gata el inmenso cari\u00f1o que los une. Acompa\u00f1emos a Lucila en este viaje de cambios, desaf\u00edos, imaginaci\u00f3n y amistad verdadera.<\/p>\n","protected":false},"excerpt":{"rendered":"<p>En un planeta sin humanos, llamado Zoogea, en que los animales pudieron desarrollarse sin nada que impidiera su avance evolutivo, vive Lucila, una gatita inquieta cuya vida cambiar\u00e1 cuando le diagnostiquen Diabetes Mellitus Tipo 1.<\/p>\n","protected":false},"featured_media":239,"comment_status":"open","ping_status":"closed","template":"","meta":[],"product_brand":[],"product_cat":[19],"product_tag":[],"class_list":{"0":"post-300","1":"product","2":"type-product","3":"status-publish","4":"has-post-thumbnail","6":"product_cat-cuentos_y_relatos","8":"first","9":"instock","10":"taxable","11":"shipping-taxable","12":"purchasable","13":"product-type-simple"},"_links":{"self":[{"href":"https:\/\/marcianoediciones.cl\/index.php\/wp-json\/wp\/v2\/product\/300","targetHints":{"allow":["GET"]}}],"collection":[{"href":"https:\/\/marcianoediciones.cl\/index.php\/wp-json\/wp\/v2\/product"}],"about":[{"href":"https:\/\/marcianoediciones.cl\/index.php\/wp-json\/wp\/v2\/types\/product"}],"replies":[{"embeddable":true,"href":"https:\/\/marcianoediciones.cl\/index.php\/wp-json\/wp\/v2\/comments?post=300"}],"wp:featuredmedia":[{"embeddable":true,"href":"https:\/\/marcianoediciones.cl\/index.php\/wp-json\/wp\/v2\/media\/239"}],"wp:attachment":[{"href":"https:\/\/marcianoediciones.cl\/index.php\/wp-json\/wp\/v2\/media?parent=300"}],"wp:term":[{"taxonomy":"product_brand","embeddable":true,"href":"https:\/\/marcianoediciones.cl\/index.php\/wp-json\/wp\/v2\/product_brand?post=300"},{"taxonomy":"product_cat","embeddable":true,"href":"https:\/\/marcianoediciones.cl\/index.php\/wp-json\/wp\/v2\/product_cat?post=300"},{"taxonomy":"product_tag","embeddable":true,"href":"https:\/\/marcianoediciones.cl\/index.php\/wp-json\/wp\/v2\/product_tag?post=300"}],"curies":[{"name":"wp","href":"https:\/\/api.w.org\/{rel}","templated":true}]}}