{"id":303,"date":"2025-01-14T15:40:58","date_gmt":"2025-01-14T15:40:58","guid":{"rendered":"https:\/\/marcianoediciones.cl\/?post_type=product&#038;p=303"},"modified":"2025-12-04T01:23:54","modified_gmt":"2025-12-04T05:23:54","slug":"dos-en-uno-el-sabor-de-la-poesia","status":"publish","type":"product","link":"https:\/\/marcianoediciones.cl\/index.php\/producto\/dos-en-uno-el-sabor-de-la-poesia\/","title":{"rendered":"Dos en uno, el sabor de la poes\u00eda"},"content":{"rendered":"<p>Autor: Ra\u00fal Mu\u00f1oz<\/p>\n<p>Tipo de obra: Poes\u00eda<\/p>\n<p>Formato: Tapa blanda, 126 p\u00e1ginas<\/p>\n<p>Dimensiones: 13 cm x 18 cm<\/p>\n<p>ISBN: 978-956-358-826-2<\/p>\n<p>Despacho sin costo a todo Chile<\/p>\n<p>Este libro es la reedici\u00f3n de &#8220;Eyacubraciones&#8221; de 1987 y &#8220;Pantalla Paranoi K&#8221; de 1989 y, aunque sus textos fueron escritos a fines del gobierno de Pinochet, tal parece que la miseria pol\u00edtica neoliberal en que se maneja Chile logra que ambos poemarios sean muy actuales.\u00a0 El lector encontrar\u00e1 lo cotidiano del gran porcentaje de chilenos que sobreviven con sueldos indignos, pero con la posibilidad de endeudarse para alimentar al sistema, un $hile de tomo y lomo.<\/p>\n","protected":false},"excerpt":{"rendered":"<p>Este libro es la reedici\u00f3n de &#8220;Eyacubraciones&#8221; de 1987 y &#8220;Pantalla Paranoi K&#8221; de 1989 y, aunque sus textos fueron escritos a fines del gobierno de Pinochet, tal parece que la miseria pol\u00edtica neoliberal en que se maneja Chile logra que ambos poemarios sean muy actuales.<\/p>\n","protected":false},"featured_media":226,"comment_status":"open","ping_status":"closed","template":"","meta":[],"product_brand":[],"product_cat":[17],"product_tag":[],"class_list":{"0":"post-303","1":"product","2":"type-product","3":"status-publish","4":"has-post-thumbnail","6":"product_cat-poesia","8":"first","9":"instock","10":"taxable","11":"shipping-taxable","12":"purchasable","13":"product-type-simple"},"_links":{"self":[{"href":"https:\/\/marcianoediciones.cl\/index.php\/wp-json\/wp\/v2\/product\/303","targetHints":{"allow":["GET"]}}],"collection":[{"href":"https:\/\/marcianoediciones.cl\/index.php\/wp-json\/wp\/v2\/product"}],"about":[{"href":"https:\/\/marcianoediciones.cl\/index.php\/wp-json\/wp\/v2\/types\/product"}],"replies":[{"embeddable":true,"href":"https:\/\/marcianoediciones.cl\/index.php\/wp-json\/wp\/v2\/comments?post=303"}],"wp:featuredmedia":[{"embeddable":true,"href":"https:\/\/marcianoediciones.cl\/index.php\/wp-json\/wp\/v2\/media\/226"}],"wp:attachment":[{"href":"https:\/\/marcianoediciones.cl\/index.php\/wp-json\/wp\/v2\/media?parent=303"}],"wp:term":[{"taxonomy":"product_brand","embeddable":true,"href":"https:\/\/marcianoediciones.cl\/index.php\/wp-json\/wp\/v2\/product_brand?post=303"},{"taxonomy":"product_cat","embeddable":true,"href":"https:\/\/marcianoediciones.cl\/index.php\/wp-json\/wp\/v2\/product_cat?post=303"},{"taxonomy":"product_tag","embeddable":true,"href":"https:\/\/marcianoediciones.cl\/index.php\/wp-json\/wp\/v2\/product_tag?post=303"}],"curies":[{"name":"wp","href":"https:\/\/api.w.org\/{rel}","templated":true}]}}