{"id":304,"date":"2025-01-14T15:44:13","date_gmt":"2025-01-14T15:44:13","guid":{"rendered":"https:\/\/marcianoediciones.cl\/?post_type=product&#038;p=304"},"modified":"2026-01-08T10:27:24","modified_gmt":"2026-01-08T14:27:24","slug":"la-legion-de-los-tartaros","status":"publish","type":"product","link":"https:\/\/marcianoediciones.cl\/index.php\/producto\/la-legion-de-los-tartaros\/","title":{"rendered":"La legi\u00f3n de los t\u00e1rtaros"},"content":{"rendered":"<p>Autor: Miguel Moreno Duhamel<\/p>\n<p>Tipo de obra: Poes\u00eda y microcuentos<\/p>\n<p>Formato: Tapa blanda, 72 p\u00e1ginas<\/p>\n<p>Dimensiones: 13 cm x 18 cm<\/p>\n<p>ISBN: 956-299-580-1<\/p>\n<p>Despacho sin costo a todo Chile<\/p>\n<p>&nbsp;<\/p>\n<p>La legi\u00f3n de los t\u00e1rtaros es un libro peque\u00f1o en formato, pero de una grandeza enorme.\u00a0 Un bello libro que incluye el microcuento <em>La ma\u00f1ana de Armando<\/em>, que es un escrito dedicado a Armando Uribe recordando a su amada Cecilia. Seg\u00fan el escritor y fot\u00f3grafo, Mart\u00edn Huerta, la portentosa pluma de Miguel Moreno Duhamel nos hace pensar que estamos ante un gran poeta, en un pa\u00eds de poetas que han inundado el mundo con sus versos.<\/p>\n","protected":false},"excerpt":{"rendered":"<p>Seg\u00fan el escritor y fot\u00f3grafo, Mart\u00edn Huerta, la portentosa pluma de Miguel Moreno Duhamel nos hace pensar que estamos ante un gran poeta, en un pa\u00eds de poetas que han inundado el mundo con sus versos.<\/p>\n","protected":false},"featured_media":235,"comment_status":"open","ping_status":"closed","template":"","meta":[],"product_brand":[],"product_cat":[17],"product_tag":[],"class_list":{"0":"post-304","1":"product","2":"type-product","3":"status-publish","4":"has-post-thumbnail","6":"product_cat-poesia","8":"first","9":"instock","10":"taxable","11":"shipping-taxable","12":"purchasable","13":"product-type-simple"},"_links":{"self":[{"href":"https:\/\/marcianoediciones.cl\/index.php\/wp-json\/wp\/v2\/product\/304","targetHints":{"allow":["GET"]}}],"collection":[{"href":"https:\/\/marcianoediciones.cl\/index.php\/wp-json\/wp\/v2\/product"}],"about":[{"href":"https:\/\/marcianoediciones.cl\/index.php\/wp-json\/wp\/v2\/types\/product"}],"replies":[{"embeddable":true,"href":"https:\/\/marcianoediciones.cl\/index.php\/wp-json\/wp\/v2\/comments?post=304"}],"wp:featuredmedia":[{"embeddable":true,"href":"https:\/\/marcianoediciones.cl\/index.php\/wp-json\/wp\/v2\/media\/235"}],"wp:attachment":[{"href":"https:\/\/marcianoediciones.cl\/index.php\/wp-json\/wp\/v2\/media?parent=304"}],"wp:term":[{"taxonomy":"product_brand","embeddable":true,"href":"https:\/\/marcianoediciones.cl\/index.php\/wp-json\/wp\/v2\/product_brand?post=304"},{"taxonomy":"product_cat","embeddable":true,"href":"https:\/\/marcianoediciones.cl\/index.php\/wp-json\/wp\/v2\/product_cat?post=304"},{"taxonomy":"product_tag","embeddable":true,"href":"https:\/\/marcianoediciones.cl\/index.php\/wp-json\/wp\/v2\/product_tag?post=304"}],"curies":[{"name":"wp","href":"https:\/\/api.w.org\/{rel}","templated":true}]}}