{"id":369,"date":"2025-01-15T00:08:11","date_gmt":"2025-01-15T00:08:11","guid":{"rendered":"https:\/\/marcianoediciones.cl\/?post_type=product&#038;p=369"},"modified":"2025-01-15T00:08:12","modified_gmt":"2025-01-15T00:08:12","slug":"isotopo-sesiones-de-electropoesia","status":"publish","type":"product","link":"https:\/\/marcianoediciones.cl\/index.php\/producto\/isotopo-sesiones-de-electropoesia\/","title":{"rendered":"Is\u00f3topo, sesiones de electropoes\u00eda"},"content":{"rendered":"","protected":false},"excerpt":{"rendered":"<p>Autor: Fabio Salas Z\u00fa\u00f1iga<\/p>\n<p>Tipo de obra: Poes\u00eda<\/p>\n<p>Formato: Tapa blanda, 92 p\u00e1ginas<\/p>\n<p>Dimensiones: 15 cm x 23 cm<\/p>\n<p>ISBN: 978-956-6094-13-5<\/p>\n","protected":false},"featured_media":341,"comment_status":"open","ping_status":"closed","template":"","meta":[],"product_brand":[],"product_cat":[17],"product_tag":[],"class_list":{"0":"post-369","1":"product","2":"type-product","3":"status-publish","4":"has-post-thumbnail","6":"product_cat-poesia","8":"first","9":"outofstock","10":"taxable","11":"shipping-taxable","12":"purchasable","13":"product-type-simple"},"_links":{"self":[{"href":"https:\/\/marcianoediciones.cl\/index.php\/wp-json\/wp\/v2\/product\/369","targetHints":{"allow":["GET"]}}],"collection":[{"href":"https:\/\/marcianoediciones.cl\/index.php\/wp-json\/wp\/v2\/product"}],"about":[{"href":"https:\/\/marcianoediciones.cl\/index.php\/wp-json\/wp\/v2\/types\/product"}],"replies":[{"embeddable":true,"href":"https:\/\/marcianoediciones.cl\/index.php\/wp-json\/wp\/v2\/comments?post=369"}],"wp:featuredmedia":[{"embeddable":true,"href":"https:\/\/marcianoediciones.cl\/index.php\/wp-json\/wp\/v2\/media\/341"}],"wp:attachment":[{"href":"https:\/\/marcianoediciones.cl\/index.php\/wp-json\/wp\/v2\/media?parent=369"}],"wp:term":[{"taxonomy":"product_brand","embeddable":true,"href":"https:\/\/marcianoediciones.cl\/index.php\/wp-json\/wp\/v2\/product_brand?post=369"},{"taxonomy":"product_cat","embeddable":true,"href":"https:\/\/marcianoediciones.cl\/index.php\/wp-json\/wp\/v2\/product_cat?post=369"},{"taxonomy":"product_tag","embeddable":true,"href":"https:\/\/marcianoediciones.cl\/index.php\/wp-json\/wp\/v2\/product_tag?post=369"}],"curies":[{"name":"wp","href":"https:\/\/api.w.org\/{rel}","templated":true}]}}