{"id":373,"date":"2025-01-15T10:05:38","date_gmt":"2025-01-15T10:05:38","guid":{"rendered":"https:\/\/marcianoediciones.cl\/?post_type=product&#038;p=373"},"modified":"2025-02-14T18:01:36","modified_gmt":"2025-02-14T22:01:36","slug":"los-sonidos-del-eter","status":"publish","type":"product","link":"https:\/\/marcianoediciones.cl\/index.php\/producto\/los-sonidos-del-eter\/","title":{"rendered":"Los sonidos del \u00e9ter"},"content":{"rendered":"<p>Autora: Sandriuska Theremin<\/p>\n<p>Tipo de obra: Ensayo<\/p>\n<p>Formato: Tapa blanda, 94 p\u00e1ginas<\/p>\n<p>Dimensiones: 14 cm x 21 cm<\/p>\n<p>ISBN: 978-956-6094-01-2<\/p>\n<p>El theremin, inventado por L\u00e9on Theremin en 1919, es un instrumento musical extraordinario que se toca sin contacto f\u00edsico. Su et\u00e9rea melod\u00eda ha cautivado a generaciones, fusionando ciencia y arte de manera \u00fanica. Esta es su fascinante historia.<\/p>\n","protected":false},"excerpt":{"rendered":"<p>El theremin, inventado por L\u00e9on Theremin en 1919, es un instrumento musical extraordinario que se toca sin contacto f\u00edsico. Su et\u00e9rea melod\u00eda ha cautivado a generaciones, fusionando ciencia y arte de manera \u00fanica. Esta es su fascinante historia.<\/p>\n","protected":false},"featured_media":374,"comment_status":"open","ping_status":"closed","template":"","meta":[],"product_brand":[],"product_cat":[20],"product_tag":[],"class_list":{"0":"post-373","1":"product","2":"type-product","3":"status-publish","4":"has-post-thumbnail","6":"product_cat-cronicas-y-ensayos","8":"first","9":"instock","10":"taxable","11":"shipping-taxable","12":"purchasable","13":"product-type-simple"},"_links":{"self":[{"href":"https:\/\/marcianoediciones.cl\/index.php\/wp-json\/wp\/v2\/product\/373","targetHints":{"allow":["GET"]}}],"collection":[{"href":"https:\/\/marcianoediciones.cl\/index.php\/wp-json\/wp\/v2\/product"}],"about":[{"href":"https:\/\/marcianoediciones.cl\/index.php\/wp-json\/wp\/v2\/types\/product"}],"replies":[{"embeddable":true,"href":"https:\/\/marcianoediciones.cl\/index.php\/wp-json\/wp\/v2\/comments?post=373"}],"wp:featuredmedia":[{"embeddable":true,"href":"https:\/\/marcianoediciones.cl\/index.php\/wp-json\/wp\/v2\/media\/374"}],"wp:attachment":[{"href":"https:\/\/marcianoediciones.cl\/index.php\/wp-json\/wp\/v2\/media?parent=373"}],"wp:term":[{"taxonomy":"product_brand","embeddable":true,"href":"https:\/\/marcianoediciones.cl\/index.php\/wp-json\/wp\/v2\/product_brand?post=373"},{"taxonomy":"product_cat","embeddable":true,"href":"https:\/\/marcianoediciones.cl\/index.php\/wp-json\/wp\/v2\/product_cat?post=373"},{"taxonomy":"product_tag","embeddable":true,"href":"https:\/\/marcianoediciones.cl\/index.php\/wp-json\/wp\/v2\/product_tag?post=373"}],"curies":[{"name":"wp","href":"https:\/\/api.w.org\/{rel}","templated":true}]}}