{"id":546,"date":"2025-02-18T16:52:25","date_gmt":"2025-02-18T20:52:25","guid":{"rendered":"https:\/\/marcianoediciones.cl\/?post_type=product&#038;p=546"},"modified":"2025-04-24T09:19:10","modified_gmt":"2025-04-24T13:19:10","slug":"larga-distanci-y-otros-relatos","status":"publish","type":"product","link":"https:\/\/marcianoediciones.cl\/index.php\/producto\/larga-distanci-y-otros-relatos\/","title":{"rendered":"Larga distancia y otros relatos"},"content":{"rendered":"<p>Autor: Jaime Rodr\u00edguez<\/p>\n<p>Tipo de obra: Cuentos<\/p>\n<p>Formato: Tapa blanda, 246 p\u00e1ginas<\/p>\n<p>Dimensiones: 15 cm x 23 cm<\/p>\n<p>ISBN: 978-956-6094-77-7<\/p>\n<p>PVP: $15.000<\/p>\n<p>Despacho sin costo a todo Chile<\/p>\n<p>\u00bfY si despu\u00e9s de a\u00f1os te encuentras con la persona que amaste en secreto, pero que nunca pas\u00f3 de la amistad? A trav\u00e9s de una intensa relaci\u00f3n telef\u00f3nica, los viejos sentimientos resurgen. Sin embargo, cuando se encuentran en peligro, est\u00e1n a tantos kil\u00f3metros uno del otro que la ayuda es imposible. Un relato cautivador que explora el amor, la amistad y las barreras que nos separan. Esta y otras historias encontrar\u00e1s en \u201cLarga distancia\u201d, el nuevo libro del talentoso escritor Jaime Rodr\u00edguez.<\/p>\n","protected":false},"excerpt":{"rendered":"<p>\u00bfY si despu\u00e9s de a\u00f1os te encuentras con la persona que amaste en secreto, pero que nunca pas\u00f3 de la amistad? A trav\u00e9s de una intensa relaci\u00f3n telef\u00f3nica, los viejos sentimientos resurgen. Sin embargo, cuando se encuentran en peligro, est\u00e1n a tantos kil\u00f3metros uno del otro que la ayuda es imposible. Un relato cautivador que explora el amor, la amistad y las barreras que nos separan. Esta y otras historias encontrar\u00e1s en \u201cLarga distancia\u201d, el nuevo libro del talentoso escritor Jaime Rodr\u00edguez.<\/p>\n","protected":false},"featured_media":547,"comment_status":"open","ping_status":"closed","template":"","meta":[],"product_brand":[],"product_cat":[19],"product_tag":[],"class_list":{"0":"post-546","1":"product","2":"type-product","3":"status-publish","4":"has-post-thumbnail","6":"product_cat-cuentos_y_relatos","8":"first","9":"instock","10":"taxable","11":"shipping-taxable","12":"purchasable","13":"product-type-simple"},"_links":{"self":[{"href":"https:\/\/marcianoediciones.cl\/index.php\/wp-json\/wp\/v2\/product\/546","targetHints":{"allow":["GET"]}}],"collection":[{"href":"https:\/\/marcianoediciones.cl\/index.php\/wp-json\/wp\/v2\/product"}],"about":[{"href":"https:\/\/marcianoediciones.cl\/index.php\/wp-json\/wp\/v2\/types\/product"}],"replies":[{"embeddable":true,"href":"https:\/\/marcianoediciones.cl\/index.php\/wp-json\/wp\/v2\/comments?post=546"}],"wp:featuredmedia":[{"embeddable":true,"href":"https:\/\/marcianoediciones.cl\/index.php\/wp-json\/wp\/v2\/media\/547"}],"wp:attachment":[{"href":"https:\/\/marcianoediciones.cl\/index.php\/wp-json\/wp\/v2\/media?parent=546"}],"wp:term":[{"taxonomy":"product_brand","embeddable":true,"href":"https:\/\/marcianoediciones.cl\/index.php\/wp-json\/wp\/v2\/product_brand?post=546"},{"taxonomy":"product_cat","embeddable":true,"href":"https:\/\/marcianoediciones.cl\/index.php\/wp-json\/wp\/v2\/product_cat?post=546"},{"taxonomy":"product_tag","embeddable":true,"href":"https:\/\/marcianoediciones.cl\/index.php\/wp-json\/wp\/v2\/product_tag?post=546"}],"curies":[{"name":"wp","href":"https:\/\/api.w.org\/{rel}","templated":true}]}}