{"id":558,"date":"2025-04-24T09:08:20","date_gmt":"2025-04-24T13:08:20","guid":{"rendered":"https:\/\/marcianoediciones.cl\/?post_type=product&#038;p=558"},"modified":"2025-04-24T09:21:39","modified_gmt":"2025-04-24T13:21:39","slug":"poesia-nuestra-que-estas-en-la-tierra","status":"publish","type":"product","link":"https:\/\/marcianoediciones.cl\/index.php\/producto\/poesia-nuestra-que-estas-en-la-tierra\/","title":{"rendered":"Poes\u00eda nuestra que est\u00e1s en la tierra"},"content":{"rendered":"<p>Autor: Alicia Medina Flores<\/p>\n<p>Tipo de obra: Poemas<\/p>\n<p>Formato: Tapa blanda, 92 p\u00e1ginas<\/p>\n<p>Dimensiones: 15 cm x 23 cm<\/p>\n<p>ISBN: 978-956-6094-79-1<\/p>\n<p>PVP: $13.000<\/p>\n<p>Despacho sin costo a todo Chile<\/p>\n<p>&nbsp;<\/p>\n<p>Utilizando versos intensos, entrelazados con una prosa po\u00e9tica, la autora nos sumerge en un entramado donde el hast\u00edo y la rutina se convierten en los protagonistas de un drama \u00edntimo, apasionado. Esta colecci\u00f3n desaf\u00eda las normas desliz\u00e1ndose entre las texturas del deseo, la introspecci\u00f3n y el autoconocimiento.<\/p>\n","protected":false},"excerpt":{"rendered":"<p>Utilizando versos intensos, entrelazados con una prosa po\u00e9tica, la autora nos sumerge en un entramado donde el hast\u00edo y la rutina se convierten en los protagonistas de un drama \u00edntimo, apasionado. Esta colecci\u00f3n desaf\u00eda las normas desliz\u00e1ndose entre las texturas del deseo, la introspecci\u00f3n y el autoconocimiento.<\/p>\n","protected":false},"featured_media":559,"comment_status":"open","ping_status":"closed","template":"","meta":[],"product_brand":[],"product_cat":[17],"product_tag":[],"class_list":{"0":"post-558","1":"product","2":"type-product","3":"status-publish","4":"has-post-thumbnail","6":"product_cat-poesia","8":"first","9":"instock","10":"taxable","11":"shipping-taxable","12":"purchasable","13":"product-type-simple"},"_links":{"self":[{"href":"https:\/\/marcianoediciones.cl\/index.php\/wp-json\/wp\/v2\/product\/558","targetHints":{"allow":["GET"]}}],"collection":[{"href":"https:\/\/marcianoediciones.cl\/index.php\/wp-json\/wp\/v2\/product"}],"about":[{"href":"https:\/\/marcianoediciones.cl\/index.php\/wp-json\/wp\/v2\/types\/product"}],"replies":[{"embeddable":true,"href":"https:\/\/marcianoediciones.cl\/index.php\/wp-json\/wp\/v2\/comments?post=558"}],"wp:featuredmedia":[{"embeddable":true,"href":"https:\/\/marcianoediciones.cl\/index.php\/wp-json\/wp\/v2\/media\/559"}],"wp:attachment":[{"href":"https:\/\/marcianoediciones.cl\/index.php\/wp-json\/wp\/v2\/media?parent=558"}],"wp:term":[{"taxonomy":"product_brand","embeddable":true,"href":"https:\/\/marcianoediciones.cl\/index.php\/wp-json\/wp\/v2\/product_brand?post=558"},{"taxonomy":"product_cat","embeddable":true,"href":"https:\/\/marcianoediciones.cl\/index.php\/wp-json\/wp\/v2\/product_cat?post=558"},{"taxonomy":"product_tag","embeddable":true,"href":"https:\/\/marcianoediciones.cl\/index.php\/wp-json\/wp\/v2\/product_tag?post=558"}],"curies":[{"name":"wp","href":"https:\/\/api.w.org\/{rel}","templated":true}]}}