{"id":584,"date":"2025-06-26T07:24:14","date_gmt":"2025-06-26T11:24:14","guid":{"rendered":"https:\/\/marcianoediciones.cl\/?post_type=product&#038;p=584"},"modified":"2025-06-26T07:24:14","modified_gmt":"2025-06-26T11:24:14","slug":"riberas","status":"publish","type":"product","link":"https:\/\/marcianoediciones.cl\/index.php\/producto\/riberas\/","title":{"rendered":"Riberas"},"content":{"rendered":"<p>Autor: Samuel Leal<\/p>\n<p>Tipo de obra: Poemas<\/p>\n<p>Formato: Tapa blanda, 220 p\u00e1ginas<\/p>\n<p>Dimensiones: 15 cm x 23 cm<\/p>\n<p>ISBN: 978-956-6094-83-8<\/p>\n<p>Despacho sin costo a todo Chile<\/p>\n<p>&nbsp;<\/p>\n<p>El libro \u201cRiberas\u201d del poeta chileno Samuel Leal \u2014como en una hermosa y compleja sinfon\u00eda\u2014 busca los intersticios de la urbe. Es la b\u00fasqueda en el umbral de una ciudad que es m\u00e1s r\u00edo que ribera, puente m\u00e1s que calle. Una ciudad que se detiene en los m\u00e1rgenes, que jam\u00e1s llega al Parque Forestal, al jolgorio de los ni\u00f1os, al paseo de los amantes. Santiago es esa urbe llena de carencias, de tenues acercamientos entre corazones ajenos al movimiento fantasmag\u00f3rico de los transe\u00fantes.<\/p>\n","protected":false},"excerpt":{"rendered":"<p>El libro \u201cRiberas\u201d del poeta chileno Samuel Leal \u2014como en una hermosa y compleja sinfon\u00eda\u2014 busca los intersticios de la urbe. Es la b\u00fasqueda en el umbral de una ciudad que es m\u00e1s r\u00edo que ribera, puente m\u00e1s que calle. Una ciudad que se detiene en los m\u00e1rgenes, que jam\u00e1s llega al Parque Forestal, al jolgorio de los ni\u00f1os, al paseo de los amantes. Santiago es esa urbe llena de carencias, de tenues acercamientos entre corazones ajenos al movimiento fantasmag\u00f3rico de los transe\u00fantes.<\/p>\n","protected":false},"featured_media":585,"comment_status":"open","ping_status":"closed","template":"","meta":[],"product_brand":[],"product_cat":[17],"product_tag":[],"class_list":{"0":"post-584","1":"product","2":"type-product","3":"status-publish","4":"has-post-thumbnail","6":"product_cat-poesia","8":"first","9":"instock","10":"taxable","11":"shipping-taxable","12":"purchasable","13":"product-type-simple"},"_links":{"self":[{"href":"https:\/\/marcianoediciones.cl\/index.php\/wp-json\/wp\/v2\/product\/584","targetHints":{"allow":["GET"]}}],"collection":[{"href":"https:\/\/marcianoediciones.cl\/index.php\/wp-json\/wp\/v2\/product"}],"about":[{"href":"https:\/\/marcianoediciones.cl\/index.php\/wp-json\/wp\/v2\/types\/product"}],"replies":[{"embeddable":true,"href":"https:\/\/marcianoediciones.cl\/index.php\/wp-json\/wp\/v2\/comments?post=584"}],"wp:featuredmedia":[{"embeddable":true,"href":"https:\/\/marcianoediciones.cl\/index.php\/wp-json\/wp\/v2\/media\/585"}],"wp:attachment":[{"href":"https:\/\/marcianoediciones.cl\/index.php\/wp-json\/wp\/v2\/media?parent=584"}],"wp:term":[{"taxonomy":"product_brand","embeddable":true,"href":"https:\/\/marcianoediciones.cl\/index.php\/wp-json\/wp\/v2\/product_brand?post=584"},{"taxonomy":"product_cat","embeddable":true,"href":"https:\/\/marcianoediciones.cl\/index.php\/wp-json\/wp\/v2\/product_cat?post=584"},{"taxonomy":"product_tag","embeddable":true,"href":"https:\/\/marcianoediciones.cl\/index.php\/wp-json\/wp\/v2\/product_tag?post=584"}],"curies":[{"name":"wp","href":"https:\/\/api.w.org\/{rel}","templated":true}]}}