{"id":591,"date":"2025-08-29T08:45:14","date_gmt":"2025-08-29T12:45:14","guid":{"rendered":"https:\/\/marcianoediciones.cl\/?post_type=product&#038;p=591"},"modified":"2025-08-29T12:07:29","modified_gmt":"2025-08-29T16:07:29","slug":"cinco-estaciones","status":"publish","type":"product","link":"https:\/\/marcianoediciones.cl\/index.php\/producto\/cinco-estaciones\/","title":{"rendered":"Cinco estaciones"},"content":{"rendered":"<p>Autor: Yasna Lira Tapia<\/p>\n<p>Tipo de obra: Poemas<\/p>\n<p>Formato: Tapa blanda, 92 p\u00e1ginas<\/p>\n<p>Dimensiones: 15 cm x 23 cm<\/p>\n<p>ISBN: 978-956-6094-85-2<\/p>\n<p>PVP: $13.000<\/p>\n<p>Despacho sin costo a todo Chile<\/p>\n<p>&nbsp;<\/p>\n<p>Yasna Lira nos recuerda, con su obra, que no es necesario enredarse en complicados planteamientos est\u00e9ticos para crear una poes\u00eda con sustancia y profundidad. Su voz sensible nos conecta con nuestras propias historias, resonando con las vivencias de otros. Esta relevancia del arte, y de la poes\u00eda en particular, radica en su capacidad para mantenernos cohesionados como sociedad y cultura. Para ello, es indispensable prestar atenci\u00f3n a esos peque\u00f1os detalles, valorar nuestro fugaz paso por la vida y celebrar cada estaci\u00f3n que este viaje nos permite descubrir.<\/p>\n<p>&nbsp;<\/p>\n<p>As\u00ed, Yasna Lira Tapia no solo nos ofrece un libro; nos da un pasaporte hacia la reflexi\u00f3n, record\u00e1ndonos que la poes\u00eda puede ser un refugio para el ser individual y un puente hacia la humanidad compartida. Su obra no es solo el testimonio de su vida, sino una invitaci\u00f3n a apreciar la belleza en cada rinc\u00f3n de nuestro d\u00eda a d\u00eda. A fin de cuentas, es en la sencillez y profundidad de las palabras donde encontramos la chispa que hace vibrar nuestra propia existencia.<\/p>\n","protected":false},"excerpt":{"rendered":"<p>Este libro es un pasaporte hacia la reflexi\u00f3n, record\u00e1ndonos que la poes\u00eda puede ser un refugio para el ser individual y un puente hacia la humanidad compartida. &#8220;Cinco estaciones&#8221; no es solo el testimonio de la vida de la autora, Yasna Lira, sino una invitaci\u00f3n a apreciar la belleza en cada rinc\u00f3n de nuestro d\u00eda a d\u00eda. A fin de cuentas, es en la sencillez y profundidad de las palabras donde encontramos la chispa que hace vibrar nuestra propia existencia.<\/p>\n","protected":false},"featured_media":592,"comment_status":"open","ping_status":"closed","template":"","meta":[],"product_brand":[],"product_cat":[17],"product_tag":[],"class_list":{"0":"post-591","1":"product","2":"type-product","3":"status-publish","4":"has-post-thumbnail","6":"product_cat-poesia","8":"first","9":"instock","10":"taxable","11":"shipping-taxable","12":"purchasable","13":"product-type-simple"},"_links":{"self":[{"href":"https:\/\/marcianoediciones.cl\/index.php\/wp-json\/wp\/v2\/product\/591","targetHints":{"allow":["GET"]}}],"collection":[{"href":"https:\/\/marcianoediciones.cl\/index.php\/wp-json\/wp\/v2\/product"}],"about":[{"href":"https:\/\/marcianoediciones.cl\/index.php\/wp-json\/wp\/v2\/types\/product"}],"replies":[{"embeddable":true,"href":"https:\/\/marcianoediciones.cl\/index.php\/wp-json\/wp\/v2\/comments?post=591"}],"wp:featuredmedia":[{"embeddable":true,"href":"https:\/\/marcianoediciones.cl\/index.php\/wp-json\/wp\/v2\/media\/592"}],"wp:attachment":[{"href":"https:\/\/marcianoediciones.cl\/index.php\/wp-json\/wp\/v2\/media?parent=591"}],"wp:term":[{"taxonomy":"product_brand","embeddable":true,"href":"https:\/\/marcianoediciones.cl\/index.php\/wp-json\/wp\/v2\/product_brand?post=591"},{"taxonomy":"product_cat","embeddable":true,"href":"https:\/\/marcianoediciones.cl\/index.php\/wp-json\/wp\/v2\/product_cat?post=591"},{"taxonomy":"product_tag","embeddable":true,"href":"https:\/\/marcianoediciones.cl\/index.php\/wp-json\/wp\/v2\/product_tag?post=591"}],"curies":[{"name":"wp","href":"https:\/\/api.w.org\/{rel}","templated":true}]}}