{"id":615,"date":"2025-11-03T19:30:02","date_gmt":"2025-11-03T23:30:02","guid":{"rendered":"https:\/\/marcianoediciones.cl\/?post_type=product&#038;p=615"},"modified":"2025-12-19T02:36:26","modified_gmt":"2025-12-19T06:36:26","slug":"la-recta-provincia","status":"publish","type":"product","link":"https:\/\/marcianoediciones.cl\/index.php\/producto\/la-recta-provincia\/","title":{"rendered":"La Recta Provincia"},"content":{"rendered":"<p>Compilador: Miguel Moreno Duhamel<\/p>\n<p>Tipo de obra: Registro de declaraciones judiciales<\/p>\n<p>Formato: Tapa blanda, 126 p\u00e1ginas<\/p>\n<p>Dimensiones: 15 cm x 23 cm<\/p>\n<p>ISBN: 978-956-6094-92-0<\/p>\n<p>PVP: $15.000<\/p>\n<p>Despacho sin costo a todo Chile<\/p>\n<p>&nbsp;<\/p>\n<p>Proceso de 1880 a los brujos de Chilo\u00e9 en el tribunal de Ancud, declaraciones de los reos.<\/p>\n<p>&nbsp;<\/p>\n<p>En la bruma de la historia chilena, la <em>Recta Provincia<\/em> fue un basti\u00f3n de misterio y un gobierno aut\u00f3nomo de la autoridad central, donde las creencias populares entrelazaron su esencia con la brujer\u00eda y el espejismo del enga\u00f1o. Pertenecer a esta asociaci\u00f3n significaba ostentar un estatus codiciado: una posici\u00f3n que otorgaba a sus l\u00edderes no solo privilegios, sino tambi\u00e9n un aura casi m\u00edtica que les permit\u00eda manipular el destino de muchos. En un tiempo donde la ignorancia pod\u00eda ser tanto espada como escudo, los verdaderos protagonistas eran aquellos que sab\u00edan jugar sus cartas, escondiendo en la penumbra el conocimiento que pose\u00edan.<\/p>\n<p>&nbsp;<\/p>\n<p>A pesar de haber sido desbaratada, la influencia de esos viejos hechiceros nunca se detuvo; simplemente se transform\u00f3. A trav\u00e9s de rituales ocultos y creencias arraigadas, los brujos han encontrado nuevas formas de manifestarse, preservando su relevancia en toda la sociedad contempor\u00e1nea.<\/p>\n","protected":false},"excerpt":{"rendered":"<p>Proceso de 1880 a los brujos de Chilo\u00e9 en el tribunal de Ancud, declaraciones de los reos.<\/p>\n","protected":false},"featured_media":616,"comment_status":"open","ping_status":"closed","template":"","meta":[],"product_brand":[],"product_cat":[20,23,24],"product_tag":[],"class_list":{"0":"post-615","1":"product","2":"type-product","3":"status-publish","4":"has-post-thumbnail","6":"product_cat-cronicas-y-ensayos","7":"product_cat-historia","8":"product_cat-rara-avis","10":"first","11":"instock","12":"taxable","13":"shipping-taxable","14":"purchasable","15":"product-type-simple"},"_links":{"self":[{"href":"https:\/\/marcianoediciones.cl\/index.php\/wp-json\/wp\/v2\/product\/615","targetHints":{"allow":["GET"]}}],"collection":[{"href":"https:\/\/marcianoediciones.cl\/index.php\/wp-json\/wp\/v2\/product"}],"about":[{"href":"https:\/\/marcianoediciones.cl\/index.php\/wp-json\/wp\/v2\/types\/product"}],"replies":[{"embeddable":true,"href":"https:\/\/marcianoediciones.cl\/index.php\/wp-json\/wp\/v2\/comments?post=615"}],"wp:featuredmedia":[{"embeddable":true,"href":"https:\/\/marcianoediciones.cl\/index.php\/wp-json\/wp\/v2\/media\/616"}],"wp:attachment":[{"href":"https:\/\/marcianoediciones.cl\/index.php\/wp-json\/wp\/v2\/media?parent=615"}],"wp:term":[{"taxonomy":"product_brand","embeddable":true,"href":"https:\/\/marcianoediciones.cl\/index.php\/wp-json\/wp\/v2\/product_brand?post=615"},{"taxonomy":"product_cat","embeddable":true,"href":"https:\/\/marcianoediciones.cl\/index.php\/wp-json\/wp\/v2\/product_cat?post=615"},{"taxonomy":"product_tag","embeddable":true,"href":"https:\/\/marcianoediciones.cl\/index.php\/wp-json\/wp\/v2\/product_tag?post=615"}],"curies":[{"name":"wp","href":"https:\/\/api.w.org\/{rel}","templated":true}]}}