{"id":622,"date":"2025-12-02T17:29:35","date_gmt":"2025-12-02T21:29:35","guid":{"rendered":"https:\/\/marcianoediciones.cl\/?post_type=product&#038;p=622"},"modified":"2025-12-03T06:25:41","modified_gmt":"2025-12-03T10:25:41","slug":"sexto-tiempo","status":"publish","type":"product","link":"https:\/\/marcianoediciones.cl\/index.php\/producto\/sexto-tiempo\/","title":{"rendered":"Sexto tiempo"},"content":{"rendered":"<p>Autor: Juan Eduardo Esquivel<\/p>\n<p>Tipo de obra: Poemas<\/p>\n<p>Formato: Tapa blanda, 128 p\u00e1ginas<\/p>\n<p>Dimensiones: 15 cm x 23 cm<\/p>\n<p>ISBN: 978-956-6094-88-3<\/p>\n<p>Despacho sin costo a todo Chile<\/p>\n<p><em>Sexto tiempo<\/em> es el tercer t\u00edtulo de una trilog\u00eda en que el autor, Juan Eduardo Esquivel (Santiago, 1940) redirige su atenci\u00f3n hacia la propia vivencia existencial, transform\u00e1ndose, as\u00ed, en sujeto y narrador de su poes\u00eda. Este libro se enlaza con sus m\u00e1s recientes publicaciones (<em>Huellas en mis pupilas<\/em>, HB Editores, Santiago, 2022; y<em> Poes\u00eda en Cuatro tiempos<\/em>, HB Editores, Santiago, 2023). La obra se inicia con la cuesti\u00f3n trascendental sobre el sentido de la vida, pregunta eminente que ha mantenido en vilo a la humanidad desde su comienzo. Tal como nos anuncia Walter Garib\u00a0 en el pr\u00f3logo, se trata de un <em>l\u00facido poemario, que enriquece a la literatura castellana.<\/em><\/p>\n","protected":false},"excerpt":{"rendered":"<p>Un l\u00facido poemario, que enriquece a la literatura castellana.<\/p>\n","protected":false},"featured_media":623,"comment_status":"open","ping_status":"closed","template":"","meta":[],"product_brand":[],"product_cat":[17],"product_tag":[],"class_list":{"0":"post-622","1":"product","2":"type-product","3":"status-publish","4":"has-post-thumbnail","6":"product_cat-poesia","8":"first","9":"instock","10":"taxable","11":"shipping-taxable","12":"purchasable","13":"product-type-simple"},"_links":{"self":[{"href":"https:\/\/marcianoediciones.cl\/index.php\/wp-json\/wp\/v2\/product\/622","targetHints":{"allow":["GET"]}}],"collection":[{"href":"https:\/\/marcianoediciones.cl\/index.php\/wp-json\/wp\/v2\/product"}],"about":[{"href":"https:\/\/marcianoediciones.cl\/index.php\/wp-json\/wp\/v2\/types\/product"}],"replies":[{"embeddable":true,"href":"https:\/\/marcianoediciones.cl\/index.php\/wp-json\/wp\/v2\/comments?post=622"}],"wp:featuredmedia":[{"embeddable":true,"href":"https:\/\/marcianoediciones.cl\/index.php\/wp-json\/wp\/v2\/media\/623"}],"wp:attachment":[{"href":"https:\/\/marcianoediciones.cl\/index.php\/wp-json\/wp\/v2\/media?parent=622"}],"wp:term":[{"taxonomy":"product_brand","embeddable":true,"href":"https:\/\/marcianoediciones.cl\/index.php\/wp-json\/wp\/v2\/product_brand?post=622"},{"taxonomy":"product_cat","embeddable":true,"href":"https:\/\/marcianoediciones.cl\/index.php\/wp-json\/wp\/v2\/product_cat?post=622"},{"taxonomy":"product_tag","embeddable":true,"href":"https:\/\/marcianoediciones.cl\/index.php\/wp-json\/wp\/v2\/product_tag?post=622"}],"curies":[{"name":"wp","href":"https:\/\/api.w.org\/{rel}","templated":true}]}}