{"id":624,"date":"2025-12-03T06:22:08","date_gmt":"2025-12-03T10:22:08","guid":{"rendered":"https:\/\/marcianoediciones.cl\/?post_type=product&#038;p=624"},"modified":"2025-12-03T06:25:58","modified_gmt":"2025-12-03T10:25:58","slug":"holojazz","status":"publish","type":"product","link":"https:\/\/marcianoediciones.cl\/index.php\/producto\/holojazz\/","title":{"rendered":"Holojazz"},"content":{"rendered":"<p>Autores: Miguel Vera Cifras, Arturo Pozo Escobar, Jazm\u00edn Betancourt<\/p>\n<p>Tipo de obra: ensayos<\/p>\n<p>Formato: Tapa blanda, 248 p\u00e1ginas<\/p>\n<p>Dimensiones: 22 cm x 22 cm<\/p>\n<p>ISBN: 978-956-6094-86-9<\/p>\n<p>Despacho sin costo a todo Chile<\/p>\n<p>La radio, como el fuego, genera hogar donde quiera que se encienda. Tambi\u00e9n derriba muros. Al igual que las ensordecedoras trompetas que abatieron la fortaleza de Jeric\u00f3, el jazz y la radiofon\u00eda lograron allanar las inexpugnables ciudades amuralladas por la segregaci\u00f3n, la intolerancia y la injusticia, atravesando las fronteras de clase, g\u00e9nero, etnia y edad. Fue la inspiraci\u00f3n que alent\u00f3 al programa radial Holojazz como empresa vital y pol\u00edtica, empe\u00f1ada en explorar y construir un nuevo imago para la escucha del jazz en Chile.<\/p>\n","protected":false},"excerpt":{"rendered":"<p>Holojazz, ensayo(s) para una radiofon\u00eda cr\u00edtica es un libro que habla del jazz en Chile y la experiencia de sus autores en uno de los programas radiales de mayor duraci\u00f3n sobre este g\u00e9nero musical a nivel nacional.<\/p>\n","protected":false},"featured_media":625,"comment_status":"open","ping_status":"closed","template":"","meta":[],"product_brand":[],"product_cat":[20],"product_tag":[],"class_list":{"0":"post-624","1":"product","2":"type-product","3":"status-publish","4":"has-post-thumbnail","6":"product_cat-cronicas-y-ensayos","8":"first","9":"instock","10":"taxable","11":"shipping-taxable","12":"purchasable","13":"product-type-simple"},"_links":{"self":[{"href":"https:\/\/marcianoediciones.cl\/index.php\/wp-json\/wp\/v2\/product\/624","targetHints":{"allow":["GET"]}}],"collection":[{"href":"https:\/\/marcianoediciones.cl\/index.php\/wp-json\/wp\/v2\/product"}],"about":[{"href":"https:\/\/marcianoediciones.cl\/index.php\/wp-json\/wp\/v2\/types\/product"}],"replies":[{"embeddable":true,"href":"https:\/\/marcianoediciones.cl\/index.php\/wp-json\/wp\/v2\/comments?post=624"}],"wp:featuredmedia":[{"embeddable":true,"href":"https:\/\/marcianoediciones.cl\/index.php\/wp-json\/wp\/v2\/media\/625"}],"wp:attachment":[{"href":"https:\/\/marcianoediciones.cl\/index.php\/wp-json\/wp\/v2\/media?parent=624"}],"wp:term":[{"taxonomy":"product_brand","embeddable":true,"href":"https:\/\/marcianoediciones.cl\/index.php\/wp-json\/wp\/v2\/product_brand?post=624"},{"taxonomy":"product_cat","embeddable":true,"href":"https:\/\/marcianoediciones.cl\/index.php\/wp-json\/wp\/v2\/product_cat?post=624"},{"taxonomy":"product_tag","embeddable":true,"href":"https:\/\/marcianoediciones.cl\/index.php\/wp-json\/wp\/v2\/product_tag?post=624"}],"curies":[{"name":"wp","href":"https:\/\/api.w.org\/{rel}","templated":true}]}}