{"id":627,"date":"2025-12-03T06:29:27","date_gmt":"2025-12-03T10:29:27","guid":{"rendered":"https:\/\/marcianoediciones.cl\/?post_type=product&#038;p=627"},"modified":"2025-12-03T06:55:22","modified_gmt":"2025-12-03T10:55:22","slug":"promesas-de-la-incertidumbre","status":"publish","type":"product","link":"https:\/\/marcianoediciones.cl\/index.php\/producto\/promesas-de-la-incertidumbre\/","title":{"rendered":"Promesas de la incertidumbre"},"content":{"rendered":"<p>Autor: Juan Pablo Leppe Guzm\u00e1n<\/p>\n<p>Tipo de obra: Poemas con im\u00e1genes de Ramuntcho Matta<\/p>\n<p>Formato: Tapa blanda, 72 p\u00e1ginas<\/p>\n<p>Dimensiones: 14 cm x 21 cm<\/p>\n<p>ISBN: 978-956-6094-82-1<\/p>\n<p>Despacho sin costo a todo Chile<\/p>\n<p>En <em>Promesas de la incertidumbre, <\/em>el pulso de Leppe lo lleva a ir ofreci\u00e9ndonos una sucesi\u00f3n de entregas, que, p\u00e1gina por p\u00e1gina, se presentan como comentarios, reflexiones, cuestionamientos, siempre escrupulosamente breves, en torno a dos asuntos esenciales: las palabras y el oficio de poeta.<\/p>\n<p><em>Promesas de la incertidumbre<\/em> nos brinda una experiencia de lectura atractiva y estimulante, propia de un trabajo meditado, sobrio, de rara madurez.<\/p>\n","protected":false},"excerpt":{"rendered":"<p><em>Promesas de la incertidumbre<\/em> nos brinda una experiencia de lectura atractiva y estimulante, propia de un trabajo meditado, sobrio, de rara madurez.<\/p>\n","protected":false},"featured_media":628,"comment_status":"open","ping_status":"closed","template":"","meta":[],"product_brand":[],"product_cat":[17],"product_tag":[],"class_list":{"0":"post-627","1":"product","2":"type-product","3":"status-publish","4":"has-post-thumbnail","6":"product_cat-poesia","8":"first","9":"instock","10":"taxable","11":"shipping-taxable","12":"purchasable","13":"product-type-simple"},"_links":{"self":[{"href":"https:\/\/marcianoediciones.cl\/index.php\/wp-json\/wp\/v2\/product\/627","targetHints":{"allow":["GET"]}}],"collection":[{"href":"https:\/\/marcianoediciones.cl\/index.php\/wp-json\/wp\/v2\/product"}],"about":[{"href":"https:\/\/marcianoediciones.cl\/index.php\/wp-json\/wp\/v2\/types\/product"}],"replies":[{"embeddable":true,"href":"https:\/\/marcianoediciones.cl\/index.php\/wp-json\/wp\/v2\/comments?post=627"}],"wp:featuredmedia":[{"embeddable":true,"href":"https:\/\/marcianoediciones.cl\/index.php\/wp-json\/wp\/v2\/media\/628"}],"wp:attachment":[{"href":"https:\/\/marcianoediciones.cl\/index.php\/wp-json\/wp\/v2\/media?parent=627"}],"wp:term":[{"taxonomy":"product_brand","embeddable":true,"href":"https:\/\/marcianoediciones.cl\/index.php\/wp-json\/wp\/v2\/product_brand?post=627"},{"taxonomy":"product_cat","embeddable":true,"href":"https:\/\/marcianoediciones.cl\/index.php\/wp-json\/wp\/v2\/product_cat?post=627"},{"taxonomy":"product_tag","embeddable":true,"href":"https:\/\/marcianoediciones.cl\/index.php\/wp-json\/wp\/v2\/product_tag?post=627"}],"curies":[{"name":"wp","href":"https:\/\/api.w.org\/{rel}","templated":true}]}}