{"id":636,"date":"2025-12-03T07:10:55","date_gmt":"2025-12-03T11:10:55","guid":{"rendered":"https:\/\/marcianoediciones.cl\/?post_type=product&#038;p=636"},"modified":"2025-12-10T17:01:09","modified_gmt":"2025-12-10T21:01:09","slug":"cuando-tenga-que-matarte","status":"publish","type":"product","link":"https:\/\/marcianoediciones.cl\/index.php\/producto\/cuando-tenga-que-matarte\/","title":{"rendered":"Cuando tenga que matarte"},"content":{"rendered":"<p>Autor: Jorge Mu\u00f1oz Gallardo<\/p>\n<p>Tipo de obra: Cuentos<\/p>\n<p>Formato: Tapa blanda, 186 p\u00e1ginas<\/p>\n<p>Dimensiones: 15 cm x 23 cm<\/p>\n<p>ISBN: 978-956-6094-96-8<\/p>\n<p>Despacho sin costo a todo Chile<\/p>\n<p>Con un estilo cautivador y envolvente, Jorge Mu\u00f1oz Gallardo nos invita a explorar un fascinante caleidoscopio de cuentos que desaf\u00edan la realidad y lo cotidiano. En este volumen, cada relato se convierte en un veh\u00edculo para llevarnos a mundos donde lo fant\u00e1stico se entrelaza con la vida diaria, creando una experiencia \u00fanica para el lector. Las historias aqu\u00ed presentadas son muestras de ingenio e imaginaci\u00f3n; en una de ellas encontramos a un irritante fantasma capaz de interactuar como si fuera cualquier vecino; en otra a un gato que es testigo de un asesinato en los oscuros a\u00f1os de la dictadura o a un obrero desafiando las leyes de la mortalidad frente a incesantes accidentes.<\/p>\n<p>A trav\u00e9s de su narrativa, Jorge Mu\u00f1oz Gallardo nos ofrece el regalo de toda buena literatura: un espacio donde la reflexi\u00f3n se encuentra con el entretenimiento. Sin duda, un autor que merece seguir siendo explorado y disfrutado.<\/p>\n","protected":false},"excerpt":{"rendered":"<p>A trav\u00e9s de su narrativa, Jorge Mu\u00f1oz Gallardo nos ofrece el regalo de toda buena literatura: un espacio donde la reflexi\u00f3n se encuentra con el entretenimiento. Sin duda, un autor que merece seguir siendo explorado y disfrutado.<\/p>\n","protected":false},"featured_media":637,"comment_status":"open","ping_status":"closed","template":"","meta":[],"product_brand":[],"product_cat":[19],"product_tag":[],"class_list":{"0":"post-636","1":"product","2":"type-product","3":"status-publish","4":"has-post-thumbnail","6":"product_cat-cuentos_y_relatos","8":"first","9":"instock","10":"taxable","11":"shipping-taxable","12":"purchasable","13":"product-type-simple"},"_links":{"self":[{"href":"https:\/\/marcianoediciones.cl\/index.php\/wp-json\/wp\/v2\/product\/636","targetHints":{"allow":["GET"]}}],"collection":[{"href":"https:\/\/marcianoediciones.cl\/index.php\/wp-json\/wp\/v2\/product"}],"about":[{"href":"https:\/\/marcianoediciones.cl\/index.php\/wp-json\/wp\/v2\/types\/product"}],"replies":[{"embeddable":true,"href":"https:\/\/marcianoediciones.cl\/index.php\/wp-json\/wp\/v2\/comments?post=636"}],"wp:featuredmedia":[{"embeddable":true,"href":"https:\/\/marcianoediciones.cl\/index.php\/wp-json\/wp\/v2\/media\/637"}],"wp:attachment":[{"href":"https:\/\/marcianoediciones.cl\/index.php\/wp-json\/wp\/v2\/media?parent=636"}],"wp:term":[{"taxonomy":"product_brand","embeddable":true,"href":"https:\/\/marcianoediciones.cl\/index.php\/wp-json\/wp\/v2\/product_brand?post=636"},{"taxonomy":"product_cat","embeddable":true,"href":"https:\/\/marcianoediciones.cl\/index.php\/wp-json\/wp\/v2\/product_cat?post=636"},{"taxonomy":"product_tag","embeddable":true,"href":"https:\/\/marcianoediciones.cl\/index.php\/wp-json\/wp\/v2\/product_tag?post=636"}],"curies":[{"name":"wp","href":"https:\/\/api.w.org\/{rel}","templated":true}]}}