{"id":672,"date":"2026-03-10T08:04:57","date_gmt":"2026-03-10T12:04:57","guid":{"rendered":"https:\/\/marcianoediciones.cl\/?post_type=product&#038;p=672"},"modified":"2026-03-10T08:04:57","modified_gmt":"2026-03-10T12:04:57","slug":"ecos-de-fin-de-mundo","status":"publish","type":"product","link":"https:\/\/marcianoediciones.cl\/index.php\/producto\/ecos-de-fin-de-mundo\/","title":{"rendered":"Ecos de fin de mundo"},"content":{"rendered":"<p>Autor: Camilo Montecinos Guerra<\/p>\n<p>Tipo de obra: Cuentos<\/p>\n<p>Formato: Tapa blanda, 104 p\u00e1ginas<\/p>\n<p>Dimensiones: 14 cm x 21 cm<\/p>\n<p>ISBN: 978-956-6094-97-5<\/p>\n<p>Despacho sin costo a todo Chile<\/p>\n<p>&nbsp;<\/p>\n<p>La ciencia ficci\u00f3n es una ventana al futuro, y por qu\u00e9 no decirlo, un espejo del presente, un tipo de literatura que nos invita a reflexionar sobre el hoy y el ma\u00f1ana. En la presente obra se fusiona la ciencia ficci\u00f3n con el microcuento, un g\u00e9nero literario que se caracteriza por su brevedad y concisi\u00f3n. A trav\u00e9s de estas historias, podr\u00e1s explorar las posibilidades infinitas de la ciencia ficci\u00f3n y reflexionar sobre el lugar que ocupamos en el universo.<\/p>\n","protected":false},"excerpt":{"rendered":"<p>En la presente obra se fusiona la ciencia ficci\u00f3n con el microcuento, un g\u00e9nero literario que se caracteriza por su brevedad y concisi\u00f3n. A trav\u00e9s de estas historias, podr\u00e1s explorar las posibilidades infinitas de la ciencia ficci\u00f3n y reflexionar sobre el lugar que ocupamos en el universo.<\/p>\n","protected":false},"featured_media":673,"comment_status":"open","ping_status":"closed","template":"","meta":[],"product_brand":[],"product_cat":[19],"product_tag":[],"class_list":{"0":"post-672","1":"product","2":"type-product","3":"status-publish","4":"has-post-thumbnail","6":"product_cat-cuentos_y_relatos","8":"first","9":"instock","10":"taxable","11":"shipping-taxable","12":"purchasable","13":"product-type-simple"},"_links":{"self":[{"href":"https:\/\/marcianoediciones.cl\/index.php\/wp-json\/wp\/v2\/product\/672","targetHints":{"allow":["GET"]}}],"collection":[{"href":"https:\/\/marcianoediciones.cl\/index.php\/wp-json\/wp\/v2\/product"}],"about":[{"href":"https:\/\/marcianoediciones.cl\/index.php\/wp-json\/wp\/v2\/types\/product"}],"replies":[{"embeddable":true,"href":"https:\/\/marcianoediciones.cl\/index.php\/wp-json\/wp\/v2\/comments?post=672"}],"wp:featuredmedia":[{"embeddable":true,"href":"https:\/\/marcianoediciones.cl\/index.php\/wp-json\/wp\/v2\/media\/673"}],"wp:attachment":[{"href":"https:\/\/marcianoediciones.cl\/index.php\/wp-json\/wp\/v2\/media?parent=672"}],"wp:term":[{"taxonomy":"product_brand","embeddable":true,"href":"https:\/\/marcianoediciones.cl\/index.php\/wp-json\/wp\/v2\/product_brand?post=672"},{"taxonomy":"product_cat","embeddable":true,"href":"https:\/\/marcianoediciones.cl\/index.php\/wp-json\/wp\/v2\/product_cat?post=672"},{"taxonomy":"product_tag","embeddable":true,"href":"https:\/\/marcianoediciones.cl\/index.php\/wp-json\/wp\/v2\/product_tag?post=672"}],"curies":[{"name":"wp","href":"https:\/\/api.w.org\/{rel}","templated":true}]}}